{"id":859,"date":"2025-06-25T04:39:28","date_gmt":"2025-06-25T02:39:28","guid":{"rendered":"http:\/\/glintweb.local\/?page_id=859"},"modified":"2025-07-10T11:28:09","modified_gmt":"2025-07-10T16:28:09","slug":"terminos-y-condiciones-three-tigers","status":"publish","type":"page","link":"https:\/\/glintglobal.com\/zh\/terminos-y-condiciones-three-tigers\/","title":{"rendered":"T\u00e9rminos y condiciones Three tigers"},"content":{"rendered":"<div data-elementor-type=\"wp-page\" data-elementor-id=\"859\" class=\"elementor elementor-859\" data-elementor-post-type=\"page\">\n\t\t\t\t<div class=\"elementor-element elementor-element-aacf9b2 e-flex e-con-boxed e-con e-parent\" data-id=\"aacf9b2\" data-element_type=\"container\" data-settings=\"{&quot;background_background&quot;:&quot;classic&quot;}\">\n\t\t\t\t\t<div class=\"e-con-inner\">\n\t\t\t\t<div class=\"elementor-element elementor-element-620c8ab elementor-icon-list--layout-inline elementor-list-item-link-full_width elementor-widget elementor-widget-icon-list\" data-id=\"620c8ab\" data-element_type=\"widget\" data-widget_type=\"icon-list.default\">\n\t\t\t\t<div class=\"elementor-widget-container\">\n\t\t\t\t\t\t\t<ul class=\"elementor-icon-list-items elementor-inline-items\">\n\t\t\t\t\t\t\t<li class=\"elementor-icon-list-item elementor-inline-item\">\n\t\t\t\t\t\t\t\t\t\t\t<a href=\"https:\/\/glintglobal.com\/zh\/\">\n\n\t\t\t\t\t\t\t\t\t\t\t\t<span class=\"elementor-icon-list-icon\">\n\t\t\t\t\t\t\t<svg aria-hidden=\"true\" class=\"e-font-icon-svg e-fas-home\" viewbox=\"0 0 576 512\" xmlns=\"http:\/\/www.w3.org\/2000\/svg\"><path d=\"M280.37 148.26L96 300.11V464a16 16 0 0 0 16 16l112.06-.29a16 16 0 0 0 15.92-16V368a16 16 0 0 1 16-16h64a16 16 0 0 1 16 16v95.64a16 16 0 0 0 16 16.05L464 480a16 16 0 0 0 16-16V300L295.67 148.26a12.19 12.19 0 0 0-15.3 0zM571.6 251.47L488 182.56V44.05a12 12 0 0 0-12-12h-56a12 12 0 0 0-12 12v72.61L318.47 43a48 48 0 0 0-61 0L4.34 251.47a12 12 0 0 0-1.6 16.9l25.5 31A12 12 0 0 0 45.15 301l235.22-193.74a12.19 12.19 0 0 1 15.3 0L530.9 301a12 12 0 0 0 16.9-1.6l25.5-31a12 12 0 0 0-1.7-16.93z\"><\/path><\/svg>\t\t\t\t\t\t<\/span>\n\t\t\t\t\t\t\t\t\t\t<span class=\"elementor-icon-list-text\">\u5bb6<\/span>\n\t\t\t\t\t\t\t\t\t\t\t<\/a>\n\t\t\t\t\t\t\t\t\t<\/li>\n\t\t\t\t\t\t\t\t<li class=\"elementor-icon-list-item elementor-inline-item\">\n\t\t\t\t\t\t\t\t\t\t\t<span class=\"elementor-icon-list-icon\">\n\t\t\t\t\t\t\t<svg aria-hidden=\"true\" class=\"e-font-icon-svg e-fas-chevron-right\" viewbox=\"0 0 320 512\" xmlns=\"http:\/\/www.w3.org\/2000\/svg\"><path d=\"M285.476 272.971L91.132 467.314c-9.373 9.373-24.569 9.373-33.941 0l-22.667-22.667c-9.357-9.357-9.375-24.522-.04-33.901L188.505 256 34.484 101.255c-9.335-9.379-9.317-24.544.04-33.901l22.667-22.667c9.373-9.373 24.569-9.373 33.941 0L285.475 239.03c9.373 9.372 9.373 24.568.001 33.941z\"><\/path><\/svg>\t\t\t\t\t\t<\/span>\n\t\t\t\t\t\t\t\t\t\t<span class=\"elementor-icon-list-text\">\u6761\u6b3e\u548c\u6761\u4ef6<\/span>\n\t\t\t\t\t\t\t\t\t<\/li>\n\t\t\t\t\t\t<\/ul>\n\t\t\t\t\t\t<\/div>\n\t\t\t\t<\/div>\n\t\t\t\t\t<\/div>\n\t\t\t\t<\/div>\n\t\t<div class=\"elementor-element elementor-element-54d5e47 e-flex e-con-boxed e-con e-parent\" data-id=\"54d5e47\" data-element_type=\"container\">\n\t\t\t\t\t<div class=\"e-con-inner\">\n\t\t\t\t<div class=\"elementor-element elementor-element-07c7a74 elementor-widget elementor-widget-heading\" data-id=\"07c7a74\" data-element_type=\"widget\" data-widget_type=\"heading.default\">\n\t\t\t\t<div class=\"elementor-widget-container\">\n\t\t\t\t\t<h2 class=\"elementor-heading-title elementor-size-default\">\u6761\u6b3e\u548c\u6761\u4ef6<\/h2>\t\t\t\t<\/div>\n\t\t\t\t<\/div>\n\t\t\t\t<div class=\"elementor-element elementor-element-8f97ebc elementor-widget elementor-widget-text-editor\" data-id=\"8f97ebc\" data-element_type=\"widget\" data-widget_type=\"text-editor.default\">\n\t\t\t\t<div class=\"elementor-widget-container\">\n\t\t\t\t\t\t\t\t\t<p>\u6b22\u8fce\u6765\u5230\u4e09\u4e2a\u8001\u864e\u3002 \u901a\u8fc7\u8bbf\u95ee\u548c\u4f7f\u7528\u6211\u4eec\u7684\u7f51\u7ad9\uff0c\u4f60\u540c\u610f\u9075\u5b88\u4ee5\u4e0b\u6761\u6b3e\u548c\u6761\u4ef6\u3002 \u5982\u679c\u4f60\u4e0d\u540c\u610f\u7684\u4efb\u4f55\u89c4\u5b9a\u9610\u8ff0\u7684\uff0c\u6211\u4eec\u529d\u4f60\u4e0d\u8981\u7ee7\u7eed\u5229\u7528\u8fd9\u4e2a\u7f51\u7ad9\u3002<\/p>\t\t\t\t\t\t\t\t<\/div>\n\t\t\t\t<\/div>\n\t\t\t\t<div class=\"elementor-element elementor-element-880b5a0 elementor-widget elementor-widget-heading\" data-id=\"880b5a0\" data-element_type=\"widget\" data-widget_type=\"heading.default\">\n\t\t\t\t<div class=\"elementor-widget-container\">\n\t\t\t\t\t<h2 class=\"elementor-heading-title elementor-size-default\">\u4e00\u822c\u4fe1\u606f<\/h2>\t\t\t\t<\/div>\n\t\t\t\t<\/div>\n\t\t\t\t<div class=\"elementor-element elementor-element-ddec8d8 elementor-widget elementor-widget-text-editor\" data-id=\"ddec8d8\" data-element_type=\"widget\" data-widget_type=\"text-editor.default\">\n\t\t\t\t<div class=\"elementor-widget-container\">\n\t\t\t\t\t\t\t\t\t<p>\u4e09\u864e\u516c\u53f8\u662f\u4e00\u5bb6\u4e13\u7528\u4e8e\u51fa\u53e3\u7684\u8fc7\u6025\u7684\u79d8\u9c81\u56fd\u9645\u5e02\u573a\uff0c\u4e3b\u8981\u662f\u5728\u4e9a\u6d32\u3002 \u6211\u4eec\u6709\u6743\u4fee\u6539\u3001\u6682\u505c\u6216\u5220\u9664\u7684\u4efb\u4f55\u7f51\u7ad9\u7684\u5185\u5bb9\u6ca1\u6709\u4e8b\u5148\u901a\u77e5\u3002<\/p>\t\t\t\t\t\t\t\t<\/div>\n\t\t\t\t<\/div>\n\t\t\t\t<div class=\"elementor-element elementor-element-06d81ce elementor-widget elementor-widget-heading\" data-id=\"06d81ce\" data-element_type=\"widget\" data-widget_type=\"heading.default\">\n\t\t\t\t<div class=\"elementor-widget-container\">\n\t\t\t\t\t<h2 class=\"elementor-heading-title elementor-size-default\">\u672f\u8bed\u7684\u4f7f\u7528<\/h2>\t\t\t\t<\/div>\n\t\t\t\t<\/div>\n\t\t\t\t<div class=\"elementor-element elementor-element-157a8a0 elementor-widget elementor-widget-text-editor\" data-id=\"157a8a0\" data-element_type=\"widget\" data-widget_type=\"text-editor.default\">\n\t\t\t\t<div class=\"elementor-widget-container\">\n\t\t\t\t\t\t\t\t\t<p>\u4f7f\u7528\u8fd9\u4e00\u7f51\u7ad9\u610f\u5473\u7740\u4f60\u540c\u610f\u4e0d\u4f7f\u7528\u5185\u5bb9\u4e3a\u975e\u6cd5\u76ee\u7684\uff0c\u4e0d\u590d\u5236\u6216\u53d1\u5e03\u7684\u4fe1\u606f\u7684\u672a\u7ecf\u6388\u6743\uff0c\u800c\u4e0d\u8981\u8bd5\u56fe\u8fdd\u53cd\u5b89\u5168\u7684\u7f51\u7ad9\u3002 \u6240\u63d0\u4f9b\u7684\u6240\u6709\u4fe1\u606f\uff0c\u5728\u8fd9\u4e2a\u7f51\u7ad9\u4ec5\u4f9b\u53c2\u8003\uff0c\u5e76\u53ef\u80fd\u53d7\u5230\u6539\u53d8\uff0c\u65e0\u987b\u4e8b\u5148\u901a\u77e5\u3002<\/p>\t\t\t\t\t\t\t\t<\/div>\n\t\t\t\t<\/div>\n\t\t\t\t<div class=\"elementor-element elementor-element-240b9c6 elementor-widget elementor-widget-heading\" data-id=\"240b9c6\" data-element_type=\"widget\" data-widget_type=\"heading.default\">\n\t\t\t\t<div class=\"elementor-widget-container\">\n\t\t\t\t\t<h2 class=\"elementor-heading-title elementor-size-default\">\u4ea7\u54c1\u548c\u8ba2\u5355<\/h2>\t\t\t\t<\/div>\n\t\t\t\t<\/div>\n\t\t\t\t<div class=\"elementor-element elementor-element-25baeb4 elementor-widget elementor-widget-text-editor\" data-id=\"25baeb4\" data-element_type=\"widget\" data-widget_type=\"text-editor.default\">\n\t\t\t\t<div class=\"elementor-widget-container\">\n\t\t\t\t\t\t\t\t\t<p>\u7684\u4ea7\u54c1\u7684\u4e09\u4e2a\u8001\u864e\u662f\u53d7\u5e93\u5b58\u60c5\u51b5\u3002 \u6700\u4f4e\u8ba2\u5355\u6570\u91cf(\u6700\u4f4e\u91c7\u8d2d\u91cf\u800c\u6709\u6240\u4e0d\u540c\u7684\u4ea7\u54c1\u548c\u76ee\u7684\u5730\u3002 \u8be5\u4ea7\u54c1\u4ef7\u683c\u7684\u62a5\u4ef7\u5728u.s. \u7f8e\u5143(\u7f8e\u5143)\u5e76\u4e14\u53ef\u4ee5\u968f\u65f6\u6539\u53d8\uff0c\u65e0\u987b\u4e8b\u5148\u901a\u77e5\u3002 \u5f97\u5230\u4e00\u4efd\u6b63\u5f0f\u62a5\u4ef7\uff0c\u5ba2\u6237\u5fc5\u987b\u63a5\u89e6\u6211\u4eec\u7684\u56e2\u961f\u901a\u8fc7\u63a5\u89e6\u7684\u5f62\u5f0f\u6216\u624b\u6bb5\u7684\u6b63\u5f0f\u901a\u4fe1\u3002<\/p>\t\t\t\t\t\t\t\t<\/div>\n\t\t\t\t<\/div>\n\t\t\t\t<div class=\"elementor-element elementor-element-cac63ce elementor-widget elementor-widget-heading\" data-id=\"cac63ce\" data-element_type=\"widget\" data-widget_type=\"heading.default\">\n\t\t\t\t<div class=\"elementor-widget-container\">\n\t\t\t\t\t<h2 class=\"elementor-heading-title elementor-size-default\">\u4ed8\u6b3e\u548c\u8bb0\u8d26<\/h2>\t\t\t\t<\/div>\n\t\t\t\t<\/div>\n\t\t\t\t<div class=\"elementor-element elementor-element-d1f3e09 elementor-widget elementor-widget-text-editor\" data-id=\"d1f3e09\" data-element_type=\"widget\" data-widget_type=\"text-editor.default\">\n\t\t\t\t<div class=\"elementor-widget-container\">\n\t\t\t\t\t\t\t\t\t<p>\u4ed8\u6b3e\u5fc5\u987b\u5b8c\u5168\u5728\u53d1\u8d27\u524d\u7684\u8d27\u7269\u3002 \u6211\u4eec\u63a5\u53d7\u56fd\u9645\u7535\u6c47\u3001\u4fe1\u7528\u8bc1\u548c\u5176\u4ed6\u65b9\u6cd5\u6839\u636e\u8d38\u6613\u534f\u5b9a\u3002 \u8be5\u8ba1\u8d39\u662f\u6839\u636e\u73b0\u884c\u6761\u4f8b\u5728\u79d8\u9c81\u3002<\/p>\t\t\t\t\t\t\t\t<\/div>\n\t\t\t\t<\/div>\n\t\t\t\t<div class=\"elementor-element elementor-element-04ac919 elementor-widget elementor-widget-heading\" data-id=\"04ac919\" data-element_type=\"widget\" data-widget_type=\"heading.default\">\n\t\t\t\t<div class=\"elementor-widget-container\">\n\t\t\t\t\t<h2 class=\"elementor-heading-title elementor-size-default\">\u8fd0\u8f93\u548c\u7269\u6d41<\/h2>\t\t\t\t<\/div>\n\t\t\t\t<\/div>\n\t\t\t\t<div class=\"elementor-element elementor-element-0311fb2 elementor-widget elementor-widget-text-editor\" data-id=\"0311fb2\" data-element_type=\"widget\" data-widget_type=\"text-editor.default\">\n\t\t\t\t<div class=\"elementor-widget-container\">\n\t\t\t\t\t\t\t\t\t<p>\u5728\u6761\u6b3e\u7684\u8fd0\u8f93\u548c\u7269\u6d41\u3001\u4ea4\u8d27\u65f6\u95f4\u6839\u636e\u4e0d\u540c\u7684\u76ee\u6807\u548c\u624b\u6bb5\u7684\u8fd0\u8f93\u9009\u62e9\u3002 \u6211\u4eec\u7684\u5de5\u4f5c\u5728\u56fd\u9645\u8d38\u6613\u6761\u4ef6(FOB\u3001CIF DDP\uff0c\u9664\u5176\u4ed6\u5916)\uff0c\u6839\u636e\u8be5\u534f\u8bae\uff0c\u4e0e\u5ba2\u6237\u3002 \u4e09\u864e\u8d1f\u8d23\u8d28\u91cf\u7684\u4ea7\u54c1\u76f4\u5230\u90a3\u4e00\u523b\u7684\u4ea4\u8d27\u7684\u7269\u6d41\u8fd0\u8425\u5546\u3002 \u7136\u800c\uff0c\u4efb\u4f55\u62d6\u5ef6\u800c\u9020\u6210\u901a\u8fc7\u6d77\u5173\u6216\u6cd5\u89c4\u7684\u76ee\u7684\u5730\u56fd\u5bb6\u4e0d\u8d1f\u8d23\u8fd9\u4e2a\u7a0b\u5e8f\u3002<\/p>\t\t\t\t\t\t\t\t<\/div>\n\t\t\t\t<\/div>\n\t\t\t\t<div class=\"elementor-element elementor-element-bcd88e6 elementor-widget elementor-widget-heading\" data-id=\"bcd88e6\" data-element_type=\"widget\" data-widget_type=\"heading.default\">\n\t\t\t\t<div class=\"elementor-widget-container\">\n\t\t\t\t\t<h2 class=\"elementor-heading-title elementor-size-default\">\u8fd4\u56de\u7684\u653f\u7b56\u548c\u6295\u8bc9<\/h2>\t\t\t\t<\/div>\n\t\t\t\t<\/div>\n\t\t\t\t<div class=\"elementor-element elementor-element-9dd3ee5 elementor-widget elementor-widget-text-editor\" data-id=\"9dd3ee5\" data-element_type=\"widget\" data-widget_type=\"text-editor.default\">\n\t\t\t\t<div class=\"elementor-widget-container\">\n\t\t\t\t\t\t\t\t\t<p>\u7531\u4e8e\u6027\u8d28\u7684\u51fa\u53e3\u7684\u8d27\u7269\uff0c\u6211\u4eec\u4e0d\u80fd\u63a5\u53d7\u7684\u56de\u62a5\u3002 \u5728\u60c5\u51b5\u4e0b\u63a5\u53d7\u6709\u7f3a\u9677\u7684\u4ea7\u54c1\u6216\u9519\u8bef\u7684\u8ba2\u5355\u3001\u5ba2\u6237\u53ef\u4ee5\u63d0\u51fa\u6743\u5229\u8981\u6c42\u4e94\u5929\u5185\u6536\u5230\u7684\u987a\u5e8f\u3002 \u8981\u505a\u5230\u8fd9\u4e00\u70b9\uff0c\u5219\u5fc5\u987b\u63d0\u4f9b\u7167\u7247\u8bc1\u636e\u548c\u68c0\u67e5\u6587\u4ef6\u3002 \u4e09\u4e2a\u8001\u864e\u4f1a\u7684\u60c5\u51b5\u8fdb\u884c\u8bc4\u4f30\uff0c\u5e76\u5c06\u80fd\u591f\u63d0\u4f9b\u89e3\u51b3\u529e\u6cd5\uff0c\u5982\u8d54\u507f\u6216\u66ff\u4ee3\u54c1\u3002<\/p>\t\t\t\t\t\t\t\t<\/div>\n\t\t\t\t<\/div>\n\t\t\t\t<div class=\"elementor-element elementor-element-1ab1ab4 elementor-widget elementor-widget-heading\" data-id=\"1ab1ab4\" data-element_type=\"widget\" data-widget_type=\"heading.default\">\n\t\t\t\t<div class=\"elementor-widget-container\">\n\t\t\t\t\t<h2 class=\"elementor-heading-title elementor-size-default\">\u77e5\u8bc6\u4ea7\u6743<\/h2>\t\t\t\t<\/div>\n\t\t\t\t<\/div>\n\t\t\t\t<div class=\"elementor-element elementor-element-b3662b2 elementor-widget elementor-widget-text-editor\" data-id=\"b3662b2\" data-element_type=\"widget\" data-widget_type=\"text-editor.default\">\n\t\t\t\t<div class=\"elementor-widget-container\">\n\t\t\t\t\t\t\t\t\t<p>\u4e09\u4e2a\u8001\u864e\u4fdd\u8bc1\u7684\u5b89\u5168\u6027\u548c\u4fdd\u5bc6\u6027\u7684\u4e2a\u4eba\u6570\u636e\uff0c\u63d0\u4f9b\u5176\u5ba2\u6237\uff0c\u6839\u636e\u6570\u636e\u4fdd\u62a4\u6cd5\u5f8b\u3002 \u66f4\u591a\u4fe1\u606f\uff0c\u6211\u4eec\u5982\u4f55\u5904\u7406\u4e2a\u4eba\u6570\u636e\uff0c\u8bf7\u53c2\u9605\u6211\u4eec\u7684\u4fdd\u5bc6\u653f\u7b56\u3002<\/p>\t\t\t\t\t\t\t\t<\/div>\n\t\t\t\t<\/div>\n\t\t\t\t<div class=\"elementor-element elementor-element-f693a92 elementor-widget elementor-widget-heading\" data-id=\"f693a92\" data-element_type=\"widget\" data-widget_type=\"heading.default\">\n\t\t\t\t<div class=\"elementor-widget-container\">\n\t\t\t\t\t<h2 class=\"elementor-heading-title elementor-size-default\">\u6570\u636e\u4fdd\u62a4<\/h2>\t\t\t\t<\/div>\n\t\t\t\t<\/div>\n\t\t\t\t<div class=\"elementor-element elementor-element-532f340 elementor-widget elementor-widget-text-editor\" data-id=\"532f340\" data-element_type=\"widget\" data-widget_type=\"text-editor.default\">\n\t\t\t\t<div class=\"elementor-widget-container\">\n\t\t\t\t\t\t\t\t\t<p>\u6240\u6709\u7f51\u7ad9\u7684\u5185\u5bb9\uff0c\u5305\u62ec\u6587\u672c\u3001\u56fe\u50cf\u548c\u6807\u5fd7\uff0c\u662f\u8d22\u4ea7\u7684\u4e09\u4e2a\u8001\u864e\u548c\u53d7\u7248\u6743\u4fdd\u62a4\u7684\u6cd5\u5f8b\u3002 \u7981\u6b62\u590d\u5236\u3001\u5206\u53d1\u6216\u5546\u4e1a\u4f7f\u7528\u800c\u4e0d\u540c\u610f\u7684\u516c\u53f8\u3002<\/p>\t\t\t\t\t\t\t\t<\/div>\n\t\t\t\t<\/div>\n\t\t\t\t<div class=\"elementor-element elementor-element-242b6d3 elementor-widget elementor-widget-heading\" data-id=\"242b6d3\" data-element_type=\"widget\" data-widget_type=\"heading.default\">\n\t\t\t\t<div class=\"elementor-widget-container\">\n\t\t\t\t\t<h2 class=\"elementor-heading-title elementor-size-default\">\u4fee\u6539\u6761\u6b3e<\/h2>\t\t\t\t<\/div>\n\t\t\t\t<\/div>\n\t\t\t\t<div class=\"elementor-element elementor-element-404e5a9 elementor-widget elementor-widget-text-editor\" data-id=\"404e5a9\" data-element_type=\"widget\" data-widget_type=\"text-editor.default\">\n\t\t\t\t<div class=\"elementor-widget-container\">\n\t\t\t\t\t\t\t\t\t<p>\u6211\u4eec\u6709\u6743\u5229\u4fee\u6539\u8fd9\u4e9b\u6761\u6b3e\u548c\u6761\u4ef6\u5728\u4efb\u4f55\u65f6\u95f4\u3002 \u4efb\u4f55\u53d8\u5316\u90fd\u4f1a\u88ab\u5f20\u8d34\u5728\u8fd9\u4e2a\u7f51\u9875\u4e0a\uff0c\u5e76\u5c06\u7acb\u5373\u751f\u6548\u3002<\/p>\t\t\t\t\t\t\t\t<\/div>\n\t\t\t\t<\/div>\n\t\t\t\t<div class=\"elementor-element elementor-element-f0edacb elementor-widget elementor-widget-heading\" data-id=\"f0edacb\" data-element_type=\"widget\" data-widget_type=\"heading.default\">\n\t\t\t\t<div class=\"elementor-widget-container\">\n\t\t\t\t\t<h2 class=\"elementor-heading-title elementor-size-default\">\u63a5\u89e6<\/h2>\t\t\t\t<\/div>\n\t\t\t\t<\/div>\n\t\t\t\t<div class=\"elementor-element elementor-element-8324af6 elementor-widget elementor-widget-text-editor\" data-id=\"8324af6\" data-element_type=\"widget\" data-widget_type=\"text-editor.default\">\n\t\t\t\t<div class=\"elementor-widget-container\">\n\t\t\t\t\t\t\t\t\t<p>Si tienes alguna consulta sobre estos t\u00e9rminos, puedes comunicarte con nosotros a trav\u00e9s de nuestro correo electr\u00f3nico info@glintglobal.com o por tel\u00e9fono +51 919 297 088.<\/p>\t\t\t\t\t\t\t\t<\/div>\n\t\t\t\t<\/div>\n\t\t\t\t\t<\/div>\n\t\t\t\t<\/div>\n\t\t\t\t<\/div>","protected":false},"excerpt":{"rendered":"<p>Inicio T\u00e9rminos y condiciones T\u00e9rminos y condiciones Bienvenido a Three Tigers. Al acceder y utilizar nuestro sitio web, aceptas cumplir con los siguientes t\u00e9rminos y condiciones. Si no est\u00e1s de acuerdo con alguna de las disposiciones aqu\u00ed establecidas, te recomendamos no continuar con el uso de este sitio. Informaci\u00f3n General Three Tigers es una empresa [&hellip;]<\/p>","protected":false},"author":1,"featured_media":0,"parent":0,"menu_order":0,"comment_status":"closed","ping_status":"closed","template":"elementor_header_footer","meta":{"footnotes":""},"class_list":["post-859","page","type-page","status-publish","hentry"],"_links":{"self":[{"href":"https:\/\/glintglobal.com\/zh\/wp-json\/wp\/v2\/pages\/859","targetHints":{"allow":["GET"]}}],"collection":[{"href":"https:\/\/glintglobal.com\/zh\/wp-json\/wp\/v2\/pages"}],"about":[{"href":"https:\/\/glintglobal.com\/zh\/wp-json\/wp\/v2\/types\/page"}],"author":[{"embeddable":true,"href":"https:\/\/glintglobal.com\/zh\/wp-json\/wp\/v2\/users\/1"}],"replies":[{"embeddable":true,"href":"https:\/\/glintglobal.com\/zh\/wp-json\/wp\/v2\/comments?post=859"}],"version-history":[{"count":16,"href":"https:\/\/glintglobal.com\/zh\/wp-json\/wp\/v2\/pages\/859\/revisions"}],"predecessor-version":[{"id":1400,"href":"https:\/\/glintglobal.com\/zh\/wp-json\/wp\/v2\/pages\/859\/revisions\/1400"}],"wp:attachment":[{"href":"https:\/\/glintglobal.com\/zh\/wp-json\/wp\/v2\/media?parent=859"}],"curies":[{"name":"wp","href":"https:\/\/api.w.org\/{rel}","templated":true}]}}