{"id":838,"date":"2025-06-25T04:13:14","date_gmt":"2025-06-25T02:13:14","guid":{"rendered":"http:\/\/glintweb.local\/?page_id=838"},"modified":"2025-07-10T11:27:37","modified_gmt":"2025-07-10T16:27:37","slug":"terminos-y-condiciones-png","status":"publish","type":"page","link":"https:\/\/glintglobal.com\/zh\/terminos-y-condiciones-png\/","title":{"rendered":"T\u00e9rminos y condiciones PNG"},"content":{"rendered":"<div data-elementor-type=\"wp-page\" data-elementor-id=\"838\" class=\"elementor elementor-838\" data-elementor-post-type=\"page\">\n\t\t\t\t<div class=\"elementor-element elementor-element-aacf9b2 e-flex e-con-boxed e-con e-parent\" data-id=\"aacf9b2\" data-element_type=\"container\" data-settings=\"{&quot;background_background&quot;:&quot;classic&quot;}\">\n\t\t\t\t\t<div class=\"e-con-inner\">\n\t\t\t\t<div class=\"elementor-element elementor-element-620c8ab elementor-icon-list--layout-inline elementor-list-item-link-full_width elementor-widget elementor-widget-icon-list\" data-id=\"620c8ab\" data-element_type=\"widget\" data-widget_type=\"icon-list.default\">\n\t\t\t\t<div class=\"elementor-widget-container\">\n\t\t\t\t\t\t\t<ul class=\"elementor-icon-list-items elementor-inline-items\">\n\t\t\t\t\t\t\t<li class=\"elementor-icon-list-item elementor-inline-item\">\n\t\t\t\t\t\t\t\t\t\t\t<a href=\"https:\/\/glintglobal.com\/zh\/pn\/\">\n\n\t\t\t\t\t\t\t\t\t\t\t\t<span class=\"elementor-icon-list-icon\">\n\t\t\t\t\t\t\t<svg aria-hidden=\"true\" class=\"e-font-icon-svg e-fas-home\" viewbox=\"0 0 576 512\" xmlns=\"http:\/\/www.w3.org\/2000\/svg\"><path d=\"M280.37 148.26L96 300.11V464a16 16 0 0 0 16 16l112.06-.29a16 16 0 0 0 15.92-16V368a16 16 0 0 1 16-16h64a16 16 0 0 1 16 16v95.64a16 16 0 0 0 16 16.05L464 480a16 16 0 0 0 16-16V300L295.67 148.26a12.19 12.19 0 0 0-15.3 0zM571.6 251.47L488 182.56V44.05a12 12 0 0 0-12-12h-56a12 12 0 0 0-12 12v72.61L318.47 43a48 48 0 0 0-61 0L4.34 251.47a12 12 0 0 0-1.6 16.9l25.5 31A12 12 0 0 0 45.15 301l235.22-193.74a12.19 12.19 0 0 1 15.3 0L530.9 301a12 12 0 0 0 16.9-1.6l25.5-31a12 12 0 0 0-1.7-16.93z\"><\/path><\/svg>\t\t\t\t\t\t<\/span>\n\t\t\t\t\t\t\t\t\t\t<span class=\"elementor-icon-list-text\">\u5bb6<\/span>\n\t\t\t\t\t\t\t\t\t\t\t<\/a>\n\t\t\t\t\t\t\t\t\t<\/li>\n\t\t\t\t\t\t\t\t<li class=\"elementor-icon-list-item elementor-inline-item\">\n\t\t\t\t\t\t\t\t\t\t\t<a href=\"https:\/\/glintglobal.com\/zh\/terminos-y-condiciones-pn\/\">\n\n\t\t\t\t\t\t\t\t\t\t\t\t<span class=\"elementor-icon-list-icon\">\n\t\t\t\t\t\t\t<svg aria-hidden=\"true\" class=\"e-font-icon-svg e-fas-chevron-right\" viewbox=\"0 0 320 512\" xmlns=\"http:\/\/www.w3.org\/2000\/svg\"><path d=\"M285.476 272.971L91.132 467.314c-9.373 9.373-24.569 9.373-33.941 0l-22.667-22.667c-9.357-9.357-9.375-24.522-.04-33.901L188.505 256 34.484 101.255c-9.335-9.379-9.317-24.544.04-33.901l22.667-22.667c9.373-9.373 24.569-9.373 33.941 0L285.475 239.03c9.373 9.372 9.373 24.568.001 33.941z\"><\/path><\/svg>\t\t\t\t\t\t<\/span>\n\t\t\t\t\t\t\t\t\t\t<span class=\"elementor-icon-list-text\">\u6761\u6b3e\u548c\u6761\u4ef6<\/span>\n\t\t\t\t\t\t\t\t\t\t\t<\/a>\n\t\t\t\t\t\t\t\t\t<\/li>\n\t\t\t\t\t\t<\/ul>\n\t\t\t\t\t\t<\/div>\n\t\t\t\t<\/div>\n\t\t\t\t\t<\/div>\n\t\t\t\t<\/div>\n\t\t<div class=\"elementor-element elementor-element-54d5e47 e-flex e-con-boxed e-con e-parent\" data-id=\"54d5e47\" data-element_type=\"container\">\n\t\t\t\t\t<div class=\"e-con-inner\">\n\t\t\t\t<div class=\"elementor-element elementor-element-07c7a74 elementor-widget elementor-widget-heading\" data-id=\"07c7a74\" data-element_type=\"widget\" data-widget_type=\"heading.default\">\n\t\t\t\t<div class=\"elementor-widget-container\">\n\t\t\t\t\t<h2 class=\"elementor-heading-title elementor-size-default\">\u6761\u6b3e\u548c\u6761\u4ef6<\/h2>\t\t\t\t<\/div>\n\t\t\t\t<\/div>\n\t\t\t\t<div class=\"elementor-element elementor-element-8f97ebc elementor-widget elementor-widget-text-editor\" data-id=\"8f97ebc\" data-element_type=\"widget\" data-widget_type=\"text-editor.default\">\n\t\t\t\t<div class=\"elementor-widget-container\">\n\t\t\t\t\t\t\t\t\t<p>Bienvenido a PN. Al acceder y utilizar nuestro sitio web, aceptas cumplir con los siguientes t\u00e9rminos y condiciones. Si no est\u00e1s de acuerdo con alguna de las disposiciones aqu\u00ed establecidas, te recomendamos no continuar con el uso de este sitio.<\/p>\t\t\t\t\t\t\t\t<\/div>\n\t\t\t\t<\/div>\n\t\t\t\t<div class=\"elementor-element elementor-element-880b5a0 elementor-widget elementor-widget-heading\" data-id=\"880b5a0\" data-element_type=\"widget\" data-widget_type=\"heading.default\">\n\t\t\t\t<div class=\"elementor-widget-container\">\n\t\t\t\t\t<h2 class=\"elementor-heading-title elementor-size-default\">\u4e00\u822c\u4fe1\u606f<\/h2>\t\t\t\t<\/div>\n\t\t\t\t<\/div>\n\t\t\t\t<div class=\"elementor-element elementor-element-ddec8d8 elementor-widget elementor-widget-text-editor\" data-id=\"ddec8d8\" data-element_type=\"widget\" data-widget_type=\"text-editor.default\">\n\t\t\t\t<div class=\"elementor-widget-container\">\n\t\t\t\t\t\t\t\t\t<p>PN es una empresa dedicada a la exportaci\u00f3n de superfoods peruanos a mercados internacionales, principalmente en Asia. Nos reservamos el derecho de modificar, suspender o eliminar cualquier contenido del sitio web sin previo aviso.<\/p>\t\t\t\t\t\t\t\t<\/div>\n\t\t\t\t<\/div>\n\t\t\t\t<div class=\"elementor-element elementor-element-06d81ce elementor-widget elementor-widget-heading\" data-id=\"06d81ce\" data-element_type=\"widget\" data-widget_type=\"heading.default\">\n\t\t\t\t<div class=\"elementor-widget-container\">\n\t\t\t\t\t<h2 class=\"elementor-heading-title elementor-size-default\">\u672f\u8bed\u7684\u4f7f\u7528<\/h2>\t\t\t\t<\/div>\n\t\t\t\t<\/div>\n\t\t\t\t<div class=\"elementor-element elementor-element-157a8a0 elementor-widget elementor-widget-text-editor\" data-id=\"157a8a0\" data-element_type=\"widget\" data-widget_type=\"text-editor.default\">\n\t\t\t\t<div class=\"elementor-widget-container\">\n\t\t\t\t\t\t\t\t\t<p>\u4f7f\u7528\u8fd9\u4e00\u7f51\u7ad9\u610f\u5473\u7740\u4f60\u540c\u610f\u4e0d\u4f7f\u7528\u5185\u5bb9\u4e3a\u975e\u6cd5\u76ee\u7684\uff0c\u4e0d\u590d\u5236\u6216\u53d1\u5e03\u7684\u4fe1\u606f\u7684\u672a\u7ecf\u6388\u6743\uff0c\u800c\u4e0d\u8981\u8bd5\u56fe\u8fdd\u53cd\u5b89\u5168\u7684\u7f51\u7ad9\u3002 \u6240\u63d0\u4f9b\u7684\u6240\u6709\u4fe1\u606f\uff0c\u5728\u8fd9\u4e2a\u7f51\u7ad9\u4ec5\u4f9b\u53c2\u8003\uff0c\u5e76\u53ef\u80fd\u53d7\u5230\u6539\u53d8\uff0c\u65e0\u987b\u4e8b\u5148\u901a\u77e5\u3002<\/p>\t\t\t\t\t\t\t\t<\/div>\n\t\t\t\t<\/div>\n\t\t\t\t<div class=\"elementor-element elementor-element-240b9c6 elementor-widget elementor-widget-heading\" data-id=\"240b9c6\" data-element_type=\"widget\" data-widget_type=\"heading.default\">\n\t\t\t\t<div class=\"elementor-widget-container\">\n\t\t\t\t\t<h2 class=\"elementor-heading-title elementor-size-default\">\u4ea7\u54c1\u548c\u8ba2\u5355<\/h2>\t\t\t\t<\/div>\n\t\t\t\t<\/div>\n\t\t\t\t<div class=\"elementor-element elementor-element-25baeb4 elementor-widget elementor-widget-text-editor\" data-id=\"25baeb4\" data-element_type=\"widget\" data-widget_type=\"text-editor.default\">\n\t\t\t\t<div class=\"elementor-widget-container\">\n\t\t\t\t\t\t\t\t\t<p>Los productos de PN est\u00e1n sujetos a disponibilidad de stock. La cantidad m\u00ednima de compra (MOQ) var\u00eda seg\u00fan el producto y el destino. Los precios de los productos est\u00e1n expresados en d\u00f3lares estadounidenses (USD) y pueden cambiar sin previo aviso. Para obtener una cotizaci\u00f3n formal, los clientes deben comunicarse con nuestro equipo a trav\u00e9s del formulario de contacto o los medios de comunicaci\u00f3n oficiales.<\/p>\t\t\t\t\t\t\t\t<\/div>\n\t\t\t\t<\/div>\n\t\t\t\t<div class=\"elementor-element elementor-element-cac63ce elementor-widget elementor-widget-heading\" data-id=\"cac63ce\" data-element_type=\"widget\" data-widget_type=\"heading.default\">\n\t\t\t\t<div class=\"elementor-widget-container\">\n\t\t\t\t\t<h2 class=\"elementor-heading-title elementor-size-default\">\u4ed8\u6b3e\u548c\u8bb0\u8d26<\/h2>\t\t\t\t<\/div>\n\t\t\t\t<\/div>\n\t\t\t\t<div class=\"elementor-element elementor-element-d1f3e09 elementor-widget elementor-widget-text-editor\" data-id=\"d1f3e09\" data-element_type=\"widget\" data-widget_type=\"text-editor.default\">\n\t\t\t\t<div class=\"elementor-widget-container\">\n\t\t\t\t\t\t\t\t\t<p>\u4ed8\u6b3e\u5fc5\u987b\u5b8c\u5168\u5728\u53d1\u8d27\u524d\u7684\u8d27\u7269\u3002 \u6211\u4eec\u63a5\u53d7\u56fd\u9645\u7535\u6c47\u3001\u4fe1\u7528\u8bc1\u548c\u5176\u4ed6\u65b9\u6cd5\u6839\u636e\u8d38\u6613\u534f\u5b9a\u3002 \u8be5\u8ba1\u8d39\u662f\u6839\u636e\u73b0\u884c\u6761\u4f8b\u5728\u79d8\u9c81\u3002<\/p>\t\t\t\t\t\t\t\t<\/div>\n\t\t\t\t<\/div>\n\t\t\t\t<div class=\"elementor-element elementor-element-04ac919 elementor-widget elementor-widget-heading\" data-id=\"04ac919\" data-element_type=\"widget\" data-widget_type=\"heading.default\">\n\t\t\t\t<div class=\"elementor-widget-container\">\n\t\t\t\t\t<h2 class=\"elementor-heading-title elementor-size-default\">\u8fd0\u8f93\u548c\u7269\u6d41<\/h2>\t\t\t\t<\/div>\n\t\t\t\t<\/div>\n\t\t\t\t<div class=\"elementor-element elementor-element-0311fb2 elementor-widget elementor-widget-text-editor\" data-id=\"0311fb2\" data-element_type=\"widget\" data-widget_type=\"text-editor.default\">\n\t\t\t\t<div class=\"elementor-widget-container\">\n\t\t\t\t\t\t\t\t\t<p>En cuanto a los env\u00edos y log\u00edstica, los tiempos de entrega var\u00edan seg\u00fan el destino y el medio de transporte seleccionado. Trabajamos bajo t\u00e9rminos de comercio internacional (FOB, CIF, DDP, entre otros), seg\u00fan el acuerdo con el cliente. PN se responsabiliza por la calidad del producto hasta el momento de entrega al operador log\u00edstico. Sin embargo, cualquier demora causada por aduanas o regulaciones del pa\u00eds destino no es responsabilidad de PN.<\/p>\t\t\t\t\t\t\t\t<\/div>\n\t\t\t\t<\/div>\n\t\t\t\t<div class=\"elementor-element elementor-element-bcd88e6 elementor-widget elementor-widget-heading\" data-id=\"bcd88e6\" data-element_type=\"widget\" data-widget_type=\"heading.default\">\n\t\t\t\t<div class=\"elementor-widget-container\">\n\t\t\t\t\t<h2 class=\"elementor-heading-title elementor-size-default\">\u8fd4\u56de\u7684\u653f\u7b56\u548c\u6295\u8bc9<\/h2>\t\t\t\t<\/div>\n\t\t\t\t<\/div>\n\t\t\t\t<div class=\"elementor-element elementor-element-9dd3ee5 elementor-widget elementor-widget-text-editor\" data-id=\"9dd3ee5\" data-element_type=\"widget\" data-widget_type=\"text-editor.default\">\n\t\t\t\t<div class=\"elementor-widget-container\">\n\t\t\t\t\t\t\t\t\t<p>Debido a la naturaleza de los productos exportados, no aceptamos devoluciones. En caso de recibir productos defectuosos o errores en el pedido, el cliente podr\u00e1 presentar un reclamo dentro de los cinco d\u00edas posteriores a la recepci\u00f3n del pedido. Para ello, deber\u00e1 proporcionar pruebas fotogr\u00e1ficas y documentos de inspecci\u00f3n. PN evaluar\u00e1 la situaci\u00f3n y podr\u00e1 ofrecer soluciones como compensaciones o reposiciones.<\/p>\t\t\t\t\t\t\t\t<\/div>\n\t\t\t\t<\/div>\n\t\t\t\t<div class=\"elementor-element elementor-element-1ab1ab4 elementor-widget elementor-widget-heading\" data-id=\"1ab1ab4\" data-element_type=\"widget\" data-widget_type=\"heading.default\">\n\t\t\t\t<div class=\"elementor-widget-container\">\n\t\t\t\t\t<h2 class=\"elementor-heading-title elementor-size-default\">\u77e5\u8bc6\u4ea7\u6743<\/h2>\t\t\t\t<\/div>\n\t\t\t\t<\/div>\n\t\t\t\t<div class=\"elementor-element elementor-element-b3662b2 elementor-widget elementor-widget-text-editor\" data-id=\"b3662b2\" data-element_type=\"widget\" data-widget_type=\"text-editor.default\">\n\t\t\t\t<div class=\"elementor-widget-container\">\n\t\t\t\t\t\t\t\t\t<p>PN garantiza la seguridad y confidencialidad de los datos personales proporcionados por sus clientes y visitantes, conforme a las leyes de protecci\u00f3n de datos vigentes. Para m\u00e1s informaci\u00f3n sobre c\u00f3mo gestionamos los datos personales, consulta nuestra Pol\u00edtica de Privacidad.<\/p>\t\t\t\t\t\t\t\t<\/div>\n\t\t\t\t<\/div>\n\t\t\t\t<div class=\"elementor-element elementor-element-f693a92 elementor-widget elementor-widget-heading\" data-id=\"f693a92\" data-element_type=\"widget\" data-widget_type=\"heading.default\">\n\t\t\t\t<div class=\"elementor-widget-container\">\n\t\t\t\t\t<h2 class=\"elementor-heading-title elementor-size-default\">\u6570\u636e\u4fdd\u62a4<\/h2>\t\t\t\t<\/div>\n\t\t\t\t<\/div>\n\t\t\t\t<div class=\"elementor-element elementor-element-532f340 elementor-widget elementor-widget-text-editor\" data-id=\"532f340\" data-element_type=\"widget\" data-widget_type=\"text-editor.default\">\n\t\t\t\t<div class=\"elementor-widget-container\">\n\t\t\t\t\t\t\t\t\t<p>Todo el contenido del sitio web, incluyendo textos, im\u00e1genes y logotipos, es propiedad de PN y est\u00e1 protegido por leyes de derechos de autor. Se proh\u00edbe la reproducci\u00f3n, distribuci\u00f3n o uso comercial sin el consentimiento de la empresa.<\/p>\t\t\t\t\t\t\t\t<\/div>\n\t\t\t\t<\/div>\n\t\t\t\t<div class=\"elementor-element elementor-element-242b6d3 elementor-widget elementor-widget-heading\" data-id=\"242b6d3\" data-element_type=\"widget\" data-widget_type=\"heading.default\">\n\t\t\t\t<div class=\"elementor-widget-container\">\n\t\t\t\t\t<h2 class=\"elementor-heading-title elementor-size-default\">\u4fee\u6539\u6761\u6b3e<\/h2>\t\t\t\t<\/div>\n\t\t\t\t<\/div>\n\t\t\t\t<div class=\"elementor-element elementor-element-404e5a9 elementor-widget elementor-widget-text-editor\" data-id=\"404e5a9\" data-element_type=\"widget\" data-widget_type=\"text-editor.default\">\n\t\t\t\t<div class=\"elementor-widget-container\">\n\t\t\t\t\t\t\t\t\t<p>\u6211\u4eec\u6709\u6743\u5229\u4fee\u6539\u8fd9\u4e9b\u6761\u6b3e\u548c\u6761\u4ef6\u5728\u4efb\u4f55\u65f6\u95f4\u3002 \u4efb\u4f55\u53d8\u5316\u90fd\u4f1a\u88ab\u5f20\u8d34\u5728\u8fd9\u4e2a\u7f51\u9875\u4e0a\uff0c\u5e76\u5c06\u7acb\u5373\u751f\u6548\u3002<\/p>\t\t\t\t\t\t\t\t<\/div>\n\t\t\t\t<\/div>\n\t\t\t\t<div class=\"elementor-element elementor-element-f0edacb elementor-widget elementor-widget-heading\" data-id=\"f0edacb\" data-element_type=\"widget\" data-widget_type=\"heading.default\">\n\t\t\t\t<div class=\"elementor-widget-container\">\n\t\t\t\t\t<h2 class=\"elementor-heading-title elementor-size-default\">\u63a5\u89e6<\/h2>\t\t\t\t<\/div>\n\t\t\t\t<\/div>\n\t\t\t\t<div class=\"elementor-element elementor-element-8324af6 elementor-widget elementor-widget-text-editor\" data-id=\"8324af6\" data-element_type=\"widget\" data-widget_type=\"text-editor.default\">\n\t\t\t\t<div class=\"elementor-widget-container\">\n\t\t\t\t\t\t\t\t\t<p>Si tienes alguna consulta sobre estos t\u00e9rminos, puedes comunicarte con nosotros a trav\u00e9s de nuestro correo electr\u00f3nico info@glintglobal.com o por tel\u00e9fono +51 919 297 088.<\/p>\t\t\t\t\t\t\t\t<\/div>\n\t\t\t\t<\/div>\n\t\t\t\t\t<\/div>\n\t\t\t\t<\/div>\n\t\t\t\t<\/div>","protected":false},"excerpt":{"rendered":"<p>Inicio T\u00e9rminos y condiciones T\u00e9rminos y condiciones Bienvenido a PN. Al acceder y utilizar nuestro sitio web, aceptas cumplir con los siguientes t\u00e9rminos y condiciones. Si no est\u00e1s de acuerdo con alguna de las disposiciones aqu\u00ed establecidas, te recomendamos no continuar con el uso de este sitio. Informaci\u00f3n General PN es una empresa dedicada a [&hellip;]<\/p>","protected":false},"author":1,"featured_media":0,"parent":0,"menu_order":0,"comment_status":"closed","ping_status":"closed","template":"elementor_header_footer","meta":{"footnotes":""},"class_list":["post-838","page","type-page","status-publish","hentry"],"_links":{"self":[{"href":"https:\/\/glintglobal.com\/zh\/wp-json\/wp\/v2\/pages\/838","targetHints":{"allow":["GET"]}}],"collection":[{"href":"https:\/\/glintglobal.com\/zh\/wp-json\/wp\/v2\/pages"}],"about":[{"href":"https:\/\/glintglobal.com\/zh\/wp-json\/wp\/v2\/types\/page"}],"author":[{"embeddable":true,"href":"https:\/\/glintglobal.com\/zh\/wp-json\/wp\/v2\/users\/1"}],"replies":[{"embeddable":true,"href":"https:\/\/glintglobal.com\/zh\/wp-json\/wp\/v2\/comments?post=838"}],"version-history":[{"count":14,"href":"https:\/\/glintglobal.com\/zh\/wp-json\/wp\/v2\/pages\/838\/revisions"}],"predecessor-version":[{"id":1397,"href":"https:\/\/glintglobal.com\/zh\/wp-json\/wp\/v2\/pages\/838\/revisions\/1397"}],"wp:attachment":[{"href":"https:\/\/glintglobal.com\/zh\/wp-json\/wp\/v2\/media?parent=838"}],"curies":[{"name":"wp","href":"https:\/\/api.w.org\/{rel}","templated":true}]}}