{"id":377,"date":"2025-06-21T03:25:47","date_gmt":"2025-06-21T01:25:47","guid":{"rendered":"http:\/\/glintweb.local\/?page_id=377"},"modified":"2025-07-10T11:16:08","modified_gmt":"2025-07-10T16:16:08","slug":"three-tigers","status":"publish","type":"page","link":"https:\/\/glintglobal.com\/zh\/three-tigers\/","title":{"rendered":"Three tigers"},"content":{"rendered":"<div data-elementor-type=\"wp-page\" data-elementor-id=\"377\" class=\"elementor elementor-377\" data-elementor-post-type=\"page\">\n\t\t\t\t<div class=\"elementor-element elementor-element-28e55d2 e-flex e-con-boxed e-con e-parent\" data-id=\"28e55d2\" data-element_type=\"container\" data-settings=\"{&quot;background_background&quot;:&quot;classic&quot;}\">\n\t\t\t\t\t<div class=\"e-con-inner\">\n\t\t<div class=\"elementor-element elementor-element-a2cae5d e-con-full e-flex e-con e-child\" data-id=\"a2cae5d\" data-element_type=\"container\">\n\t\t\t\t<div class=\"elementor-element elementor-element-691e279 elementor-widget__width-initial elementor-widget elementor-widget-heading\" data-id=\"691e279\" data-element_type=\"widget\" data-widget_type=\"heading.default\">\n\t\t\t\t<div class=\"elementor-widget-container\">\n\t\t\t\t\t<h2 class=\"elementor-heading-title elementor-size-default\">\u7cae\u98df\u548c\u79cd\u5b50\u7684\u79d8\u9c81\u5411\u4e16\u754c<\/h2>\t\t\t\t<\/div>\n\t\t\t\t<\/div>\n\t\t<div class=\"elementor-element elementor-element-b659f11 e-con-full e-flex e-con e-child\" data-id=\"b659f11\" data-element_type=\"container\">\n\t\t\t\t<div class=\"elementor-element elementor-element-af0c552 elementor-widget elementor-widget-button\" data-id=\"af0c552\" data-element_type=\"widget\" data-widget_type=\"button.default\">\n\t\t\t\t<div class=\"elementor-widget-container\">\n\t\t\t\t\t\t\t\t\t<div class=\"elementor-button-wrapper\">\n\t\t\t\t\t<a class=\"elementor-button elementor-button-link elementor-size-sm\" href=\"https:\/\/glintglobal.com\/zh\/contacto-three-tigers\/\">\n\t\t\t\t\t\t<span class=\"elementor-button-content-wrapper\">\n\t\t\t\t\t\t\t\t\t<span class=\"elementor-button-text\">\u8054\u7cfb\u6211\u4eec<\/span>\n\t\t\t\t\t<\/span>\n\t\t\t\t\t<\/a>\n\t\t\t\t<\/div>\n\t\t\t\t\t\t\t\t<\/div>\n\t\t\t\t<\/div>\n\t\t\t\t<div class=\"elementor-element elementor-element-2e2d308 elementor-widget elementor-widget-button\" data-id=\"2e2d308\" data-element_type=\"widget\" id=\"abrirVideo\" data-widget_type=\"button.default\">\n\t\t\t\t<div class=\"elementor-widget-container\">\n\t\t\t\t\t\t\t\t\t<div class=\"elementor-button-wrapper\">\n\t\t\t\t\t<a class=\"elementor-button elementor-button-link elementor-size-sm\" href=\"#\">\n\t\t\t\t\t\t<span class=\"elementor-button-content-wrapper\">\n\t\t\t\t\t\t<span class=\"elementor-button-icon\">\n\t\t\t\t<svg aria-hidden=\"true\" class=\"e-font-icon-svg e-fas-play-circle\" viewbox=\"0 0 512 512\" xmlns=\"http:\/\/www.w3.org\/2000\/svg\"><path d=\"M256 8C119 8 8 119 8 256s111 248 248 248 248-111 248-248S393 8 256 8zm115.7 272l-176 101c-15.8 8.8-35.7-2.5-35.7-21V152c0-18.4 19.8-29.8 35.7-21l176 107c16.4 9.2 16.4 32.9 0 42z\"><\/path><\/svg>\t\t\t<\/span>\n\t\t\t\t\t\t\t\t\t<span class=\"elementor-button-text\">\u6211\u4eec\u7684\u670d\u52a1<\/span>\n\t\t\t\t\t<\/span>\n\t\t\t\t\t<\/a>\n\t\t\t\t<\/div>\n\t\t\t\t\t\t\t\t<\/div>\n\t\t\t\t<\/div>\n\t\t\t\t<\/div>\n\t\t\t\t<div class=\"elementor-element elementor-element-38fea8d elementor-widget elementor-widget-html\" data-id=\"38fea8d\" data-element_type=\"widget\" data-widget_type=\"html.default\">\n\t\t\t\t<div class=\"elementor-widget-container\">\n\t\t\t\t\t<style>\r\n  @keyframes fadeIn {\r\n    from { opacity: 0; }\r\n    to { opacity: 1; }\r\n  }\r\n\r\n  @keyframes fadeOut {\r\n    from { opacity: 1; }\r\n    to { opacity: 0; }\r\n  }\r\n\r\n  #popupVideo {\r\n    display: none;\r\n    position: fixed;\r\n    top: 0; left: 0;\r\n    width: 100vw; height: 100vh;\r\n    background-color: rgba(0, 0, 0, 0.85);\r\n    z-index: 9999;\r\n    justify-content: center;\r\n    align-items: center;\r\n    opacity: 0;\r\n  }\r\n\r\n  #popupVideo.fade-in {\r\n    display: flex !important;\r\n    animation: fadeIn 0.4s forwards;\r\n  }\r\n\r\n  #popupVideo.fade-out {\r\n    animation: fadeOut 0.4s forwards;\r\n  }\r\n<\/style>\r\n\r\n<div id=\"popupVideo\">\r\n  <div style=\"display: inline-block; max-width: 100%; max-height: 100%; overflow: auto;\">\r\n    <video id=\"videoReproducir\" controls style=\"width: 100%; height: auto; max-width: 960px; border-radius: 12px; box-shadow: 0 0 40px rgba(0,0,0,0.6);\">\r\n      <source src=\"https:\/\/glintglobal.com\/wp-content\/uploads\/2025\/07\/VIDEO-THREE-TIGER.mp4\" type=\"video\/mp4\">\r\n      \u4f60\u6d4f\u89c8\u5668\u4e0d\u652f\u6301\u7684\u89c6\u9891\u3002\r\n    <\/video>\r\n  <\/div>\r\n<\/div>\r\n\r\n<script>\r\n  const boton = document.getElementById(\"abrirVideo\");\r\n  const popup = document.getElementById(\"popupVideo\");\r\n  const video = document.getElementById(\"videoReproducir\");\r\n\r\n  boton.addEventListener(\"click\", () => {\r\n    popup.classList.remove(\"fade-out\");\r\n    popup.classList.add(\"fade-in\");\r\n    video.play();\r\n  });\r\n\r\n  popup.addEventListener(\"click\", (e) => {\r\n    if (e.target === popup) {\r\n      popup.classList.remove(\"fade-in\");\r\n      popup.classList.add(\"fade-out\");\r\n      video.pause();\r\n      video.currentTime = 0;\r\n      setTimeout(() => {\r\n        popup.style.display = \"none\";\r\n      }, 400);\r\n    }\r\n  });\r\n<\/script>\r\n\t\t\t\t<\/div>\n\t\t\t\t<\/div>\n\t\t\t\t<\/div>\n\t\t\t\t\t<\/div>\n\t\t\t\t<\/div>\n\t\t<div class=\"elementor-element elementor-element-873398f e-flex e-con-boxed e-con e-parent\" data-id=\"873398f\" data-element_type=\"container\" id=\"Nosotros\" data-settings=\"{&quot;background_background&quot;:&quot;classic&quot;}\">\n\t\t\t\t\t<div class=\"e-con-inner\">\n\t\t<div class=\"elementor-element elementor-element-dc8783b e-con-full e-flex e-con e-child\" data-id=\"dc8783b\" data-element_type=\"container\">\n\t\t<div class=\"elementor-element elementor-element-4fbf48a e-con-full e-flex e-con e-child\" data-id=\"4fbf48a\" data-element_type=\"container\">\n\t\t\t\t<div class=\"elementor-element elementor-element-728ff8f elementor-widget__width-inherit elementor-widget elementor-widget-heading\" data-id=\"728ff8f\" data-element_type=\"widget\" data-widget_type=\"heading.default\">\n\t\t\t\t<div class=\"elementor-widget-container\">\n\t\t\t\t\t<h2 class=\"elementor-heading-title elementor-size-default\">\u8d28\u91cf\u3001\u53ef\u8ffd\u6eaf\u6027<\/h2>\t\t\t\t<\/div>\n\t\t\t\t<\/div>\n\t\t\t\t<div class=\"elementor-element elementor-element-9b739b7 elementor-widget__width-inherit elementor-widget elementor-widget-heading\" data-id=\"9b739b7\" data-element_type=\"widget\" data-widget_type=\"heading.default\">\n\t\t\t\t<div class=\"elementor-widget-container\">\n\t\t\t\t\t<h2 class=\"elementor-heading-title elementor-size-default\">\u503c\u4e2d\u7684\u6bcf\u4e00\u6279\u8d27<\/h2>\t\t\t\t<\/div>\n\t\t\t\t<\/div>\n\t\t\t\t<div class=\"elementor-element elementor-element-6899e19 elementor-widget elementor-widget-text-editor\" data-id=\"6899e19\" data-element_type=\"widget\" data-widget_type=\"text-editor.default\">\n\t\t\t\t<div class=\"elementor-widget-container\">\n\t\t\t\t\t\t\t\t\t<p>\u6211\u4eec\u662f\u4e00\u5bb6\u516c\u53f8\u4e13\u95e8\u4ece\u4e8b\u51fa\u53e3\u7684\u8c37\u7269\u548c\u79cd\u5b50\u3001\u5404\u79cd\u627f\u8bfa\u5e26\u6765\u9ad8\u8d28\u91cf\u7684\u4ea7\u54c1\uff0c\u4ece\u79d8\u9c81\u7684\u4e16\u754c\u3002 \u6211\u4eec\u7684\u5de5\u4f5c\u6709\u4e25\u683c\u7684\u6807\u51c6\uff0c\u4ee5\u786e\u4fdd\u53ef\u8ffd\u6eaf\u6027\u3001\u5b89\u5168\u6027\u548c\u4ef7\u503c\u5728\u6bcf\u4e00\u6279\u8d27\u7269\u3002<\/p>\t\t\t\t\t\t\t\t<\/div>\n\t\t\t\t<\/div>\n\t\t\t\t<\/div>\n\t\t<div class=\"elementor-element elementor-element-b2d0af9 e-con-full elementor-hidden-mobile e-flex e-con e-child\" data-id=\"b2d0af9\" data-element_type=\"container\">\n\t\t\t\t<\/div>\n\t\t\t\t<\/div>\n\t\t\t\t\t<\/div>\n\t\t\t\t<\/div>\n\t\t<div class=\"elementor-element elementor-element-a456dab e-flex e-con-boxed e-con e-parent\" data-id=\"a456dab\" data-element_type=\"container\" data-settings=\"{&quot;background_background&quot;:&quot;classic&quot;}\">\n\t\t\t\t\t<div class=\"e-con-inner\">\n\t\t\t\t<div class=\"elementor-element elementor-element-6ec2dc9 elementor-widget elementor-widget-image\" data-id=\"6ec2dc9\" data-element_type=\"widget\" data-widget_type=\"image.default\">\n\t\t\t\t<div class=\"elementor-widget-container\">\n\t\t\t\t\t\t\t\t\t\t\t\t\t\t\t<img fetchpriority=\"high\" decoding=\"async\" width=\"800\" height=\"753\" src=\"https:\/\/glintglobal.com\/wp-content\/uploads\/2025\/06\/Frame-427318976-1024x964.png\" class=\"attachment-large size-large wp-image-432\" alt=\"\" srcset=\"https:\/\/glintglobal.com\/wp-content\/uploads\/2025\/06\/Frame-427318976-1024x964.png 1024w, https:\/\/glintglobal.com\/wp-content\/uploads\/2025\/06\/Frame-427318976-300x282.png 300w, https:\/\/glintglobal.com\/wp-content\/uploads\/2025\/06\/Frame-427318976-768x723.png 768w, https:\/\/glintglobal.com\/wp-content\/uploads\/2025\/06\/Frame-427318976.png 1285w\" sizes=\"(max-width: 800px) 100vw, 800px\" \/>\t\t\t\t\t\t\t\t\t\t\t\t\t\t\t<\/div>\n\t\t\t\t<\/div>\n\t\t\t\t\t<\/div>\n\t\t\t\t<\/div>\n\t\t<div class=\"elementor-element elementor-element-5ff4e39 e-flex e-con-boxed e-con e-parent\" data-id=\"5ff4e39\" data-element_type=\"container\">\n\t\t\t\t\t<div class=\"e-con-inner\">\n\t\t<div class=\"elementor-element elementor-element-0a4cff1 e-con-full e-flex e-con e-child\" data-id=\"0a4cff1\" data-element_type=\"container\">\n\t\t\t\t<div class=\"elementor-element elementor-element-36397c7 elementor-widget elementor-widget-text-editor\" data-id=\"36397c7\" data-element_type=\"widget\" data-widget_type=\"text-editor.default\">\n\t\t\t\t<div class=\"elementor-widget-container\">\n\t\t\t\t\t\t\t\t\t<p>\u6211\u4eec\u4e0e\u4f17\u4e0d\u540c\u7684\u662f\u7279\u6b8a\u4ea7\u54c1\u7684\u8d28\u91cf\u3002 \u6211\u4eec\u7684\u5de5\u4f5c\u76f4\u63a5\u4e0e\u5f53\u5730\u519c\u6c11\uff0c\u786e\u4fdd\u4ea7\u54c1\u79cd\u690d\u7684\u53ef\u6301\u7eed\u7684\u65b9\u5f0f\u53ca\u5c0a\u91cd\u5176\u4f20\u7edf\u751f\u4ea7\u65b9\u6cd5\u3002 \u6211\u4eec\u7684\u4ea7\u54c1\u90fd\u662f\u7ecf\u8fc7\u7cbe\u5fc3\u6311\u9009\uff0c\u5904\u7406\u4e0b\u7684\u6700\u9ad8\u6807\u51c6\u7684\u8d28\u91cf\u548c\u5305\u88c5\uff0c\u6ce8\u91cd\u7ec6\u8282\u3002<\/p>\t\t\t\t\t\t\t\t<\/div>\n\t\t\t\t<\/div>\n\t\t\t\t<\/div>\n\t\t<div class=\"elementor-element elementor-element-4c3581b e-con-full e-flex e-con e-child\" data-id=\"4c3581b\" data-element_type=\"container\">\n\t\t\t\t<div class=\"elementor-element elementor-element-7f64195 elementor-widget__width-inherit elementor-widget elementor-widget-heading\" data-id=\"7f64195\" data-element_type=\"widget\" data-widget_type=\"heading.default\">\n\t\t\t\t<div class=\"elementor-widget-container\">\n\t\t\t\t\t<h2 class=\"elementor-heading-title elementor-size-default\">\u4e3a\u4ec0\u4e48<\/h2>\t\t\t\t<\/div>\n\t\t\t\t<\/div>\n\t\t\t\t<div class=\"elementor-element elementor-element-6e608d3 elementor-widget__width-inherit elementor-widget elementor-widget-heading\" data-id=\"6e608d3\" data-element_type=\"widget\" data-widget_type=\"heading.default\">\n\t\t\t\t<div class=\"elementor-widget-container\">\n\t\t\t\t\t<h2 class=\"elementor-heading-title elementor-size-default\">\u9009\u62e9\u6211\u4eec?<\/h2>\t\t\t\t<\/div>\n\t\t\t\t<\/div>\n\t\t\t\t<\/div>\n\t\t\t\t\t<\/div>\n\t\t\t\t<\/div>\n\t\t<div class=\"elementor-element elementor-element-9f192da e-con-full e-flex e-con e-parent\" data-id=\"9f192da\" data-element_type=\"container\" id=\"Productos\">\n\t\t<div class=\"elementor-element elementor-element-696275f e-con-full e-flex e-con e-child\" data-id=\"696275f\" data-element_type=\"container\">\n\t\t<div class=\"elementor-element elementor-element-43e00ee e-con-full e-flex e-con e-child\" data-id=\"43e00ee\" data-element_type=\"container\" data-settings=\"{&quot;background_background&quot;:&quot;classic&quot;}\">\n\t\t\t\t<div class=\"elementor-element elementor-element-769d085 elementor-cta--skin-cover elementor-cta--valign-bottom elementor-animated-content elementor-bg-transform elementor-bg-transform-zoom-in elementor-widget elementor-widget-call-to-action\" data-id=\"769d085\" data-element_type=\"widget\" data-widget_type=\"call-to-action.default\">\n\t\t\t\t<div class=\"elementor-widget-container\">\n\t\t\t\t\t\t\t<div class=\"elementor-cta\">\n\t\t\t\t\t<div class=\"elementor-cta__bg-wrapper\">\n\t\t\t\t<div class=\"elementor-cta__bg elementor-bg\" style=\"background-image: url(https:\/\/glintglobal.com\/wp-content\/uploads\/2025\/06\/Rectangle-186-1-1024x865.png);\" role=\"img\" aria-label=\"\u77e9\u5f62186(1)\"><\/div>\n\t\t\t\t<div class=\"elementor-cta__bg-overlay\"><\/div>\n\t\t\t<\/div>\n\t\t\t\t\t\t\t<div class=\"elementor-cta__content\">\n\t\t\t\t\n\t\t\t\t\t\t\t\t\t<h2 class=\"elementor-cta__title elementor-cta__content-item elementor-content-item elementor-animated-item--fade-in\">\n\t\t\t\t\t\t\u5229\u9a6c\u8c46\t\t\t\t\t<\/h2>\n\t\t\t\t\n\t\t\t\t\t\t\t\t\t<div class=\"elementor-cta__description elementor-cta__content-item elementor-content-item elementor-animated-item--fade-in\">\n\t\t\t\t\t\t\u5229\u9a6c\u8c46\u8c46\u79d1\u690d\u7269\u7684\u8425\u517b\uff0c\u63d0\u4f9b\u86cb\u767d\u8d28\u3001\u7ea4\u7ef4\u548c\u7684\u5404\u79cd\u5fc5\u8981\u7684\u7ef4\u751f\u7d20\u548c\u77ff\u7269\u8d28\u3002 \u5176\u7ecf\u5e38\u6d88\u8d39\u53ef\u4ee5\u63d0\u4f9b\u5065\u5eb7\u7684\u597d\u5904\uff0c\u5982\u66f4\u597d\u5730\u6d88\u5316\uff0c\u66f4\u597d\u5730\u5438\u6536\u517b\u5206\u548c\u9884\u9632\u6162\u6027\u75be\u75c5\u3002\t\t\t\t\t<\/div>\n\t\t\t\t\n\t\t\t\t\t\t\t\t\t<div class=\"elementor-cta__button-wrapper elementor-cta__content-item elementor-content-item elementor-animated-item--fade-in\">\n\t\t\t\t\t<a class=\"elementor-cta__button elementor-button elementor-size-\">\n\t\t\t\t\t\t\u6309\u8fd9\u91cc\t\t\t\t\t<\/a>\n\t\t\t\t\t<\/div>\n\t\t\t\t\t\t\t<\/div>\n\t\t\t\t\t\t<\/div>\n\t\t\t\t\t\t<\/div>\n\t\t\t\t<\/div>\n\t\t\t\t<\/div>\n\t\t<div class=\"elementor-element elementor-element-16911bf e-con-full e-flex e-con e-child\" data-id=\"16911bf\" data-element_type=\"container\">\n\t\t\t\t<div class=\"elementor-element elementor-element-41cd6c2 elementor-cta--skin-cover elementor-cta--valign-bottom elementor-animated-content elementor-bg-transform elementor-bg-transform-zoom-in elementor-widget elementor-widget-call-to-action\" data-id=\"41cd6c2\" data-element_type=\"widget\" data-widget_type=\"call-to-action.default\">\n\t\t\t\t<div class=\"elementor-widget-container\">\n\t\t\t\t\t\t\t<div class=\"elementor-cta\">\n\t\t\t\t\t<div class=\"elementor-cta__bg-wrapper\">\n\t\t\t\t<div class=\"elementor-cta__bg elementor-bg\" style=\"background-image: url(https:\/\/glintglobal.com\/wp-content\/uploads\/2025\/06\/Rectangle-186-2-1024x865.png);\" role=\"img\" aria-label=\"\u77e9\u5f62186(2)\"><\/div>\n\t\t\t\t<div class=\"elementor-cta__bg-overlay\"><\/div>\n\t\t\t<\/div>\n\t\t\t\t\t\t\t<div class=\"elementor-cta__content\">\n\t\t\t\t\n\t\t\t\t\t\t\t\t\t<h2 class=\"elementor-cta__title elementor-cta__content-item elementor-content-item elementor-animated-item--fade-in\">\n\t\t\t\t\t\t\u8c46\u7eff\u7eff\t\t\t\t\t<\/h2>\n\t\t\t\t\n\t\t\t\t\t\t\t\t\t<div class=\"elementor-cta__description elementor-cta__content-item elementor-content-item elementor-animated-item--fade-in\">\n\t\t\t\t\t\t\u6765\u6e90\u7684\u690d\u7269\u86cb\u767d\u8d28\uff1a\u7eff\u8c46\u662f\u4e00\u4e2a\u5f88\u597d\u7684\u6765\u6e90\u7684\u690d\u7269\u86cb\u767d\u8d28\uff0c\u5b83\u4f7f\u5f97\u4e00\u4e2a\u5408\u9002\u7684\u9009\u62e9\u7684\u4eba\u6309\u7167\u4e00\u4e2a\u7d20\u98df\u8005\u7684\u996e\u98df\u3002 \u86cb\u767d\u8d28\u81f3\u5173\u91cd\u8981\u7684\u5efa\u8bbe\u548c\u7ef4\u4fee\u7684\u7ec4\u7ec7\uff0c\u4ee5\u53ca\u7528\u4e8e\u751f\u4ea7\u7684\u9176\u7d20\u548c\u6fc0\u7d20\u3002\t\t\t\t\t<\/div>\n\t\t\t\t\n\t\t\t\t\t\t\t\t\t<div class=\"elementor-cta__button-wrapper elementor-cta__content-item elementor-content-item elementor-animated-item--fade-in\">\n\t\t\t\t\t<a class=\"elementor-cta__button elementor-button elementor-size-\">\n\t\t\t\t\t\t\u6309\u8fd9\u91cc\t\t\t\t\t<\/a>\n\t\t\t\t\t<\/div>\n\t\t\t\t\t\t\t<\/div>\n\t\t\t\t\t\t<\/div>\n\t\t\t\t\t\t<\/div>\n\t\t\t\t<\/div>\n\t\t\t\t<\/div>\n\t\t\t\t<\/div>\n\t\t<div class=\"elementor-element elementor-element-c493ce8 e-con-full e-flex e-con e-child\" data-id=\"c493ce8\" data-element_type=\"container\">\n\t\t<div class=\"elementor-element elementor-element-f307af4 e-con-full e-flex e-con e-child\" data-id=\"f307af4\" data-element_type=\"container\">\n\t\t\t\t<div class=\"elementor-element elementor-element-db51071 elementor-cta--skin-cover elementor-cta--valign-bottom elementor-animated-content elementor-bg-transform elementor-bg-transform-zoom-in elementor-widget elementor-widget-call-to-action\" data-id=\"db51071\" data-element_type=\"widget\" data-widget_type=\"call-to-action.default\">\n\t\t\t\t<div class=\"elementor-widget-container\">\n\t\t\t\t\t\t\t<div class=\"elementor-cta\">\n\t\t\t\t\t<div class=\"elementor-cta__bg-wrapper\">\n\t\t\t\t<div class=\"elementor-cta__bg elementor-bg\" style=\"background-image: url(https:\/\/glintglobal.com\/wp-content\/uploads\/2025\/06\/Rectangle-186-3-1024x865.png);\" role=\"img\" aria-label=\"\u77e9\u5f62186(3)\"><\/div>\n\t\t\t\t<div class=\"elementor-cta__bg-overlay\"><\/div>\n\t\t\t<\/div>\n\t\t\t\t\t\t\t<div class=\"elementor-cta__content\">\n\t\t\t\t\n\t\t\t\t\t\t\t\t\t<h2 class=\"elementor-cta__title elementor-cta__content-item elementor-content-item elementor-animated-item--fade-in\">\n\t\t\t\t\t\t\u829d\u9ebb\u79cd\u5b50\t\t\t\t\t<\/h2>\n\t\t\t\t\n\t\t\t\t\t\t\t\t\t<div class=\"elementor-cta__description elementor-cta__content-item elementor-content-item elementor-animated-item--fade-in\">\n\t\t\t\t\t\t\u829d\u9ebb\u5305\u542b\u6297\u6c27\u5316\u5242\uff0c\u5982\u7ef4\u751f\u7d20E\u548clignanas\uff0c\u8fd9\u6709\u52a9\u4e8e\u4fdd\u62a4\u7ec6\u80de\u9020\u6210\u7684\u635f\u5bb3\u901a\u8fc7\u81ea\u7531\u57fa\u3002 \u6297\u6c27\u5316\u5242\u91cd\u8981\u7528\u8702\u7a9d\u5f0f\u536b\u751f\u548c\u76f8\u5173\u7684\u51cf\u5c11\u98ce\u9669\u7684\u6162\u6027\u75be\u75c5\u548c\u8fc7\u65e9\u7684\u8870\u8001\u3002\t\t\t\t\t<\/div>\n\t\t\t\t\n\t\t\t\t\t\t\t\t\t<div class=\"elementor-cta__button-wrapper elementor-cta__content-item elementor-content-item elementor-animated-item--fade-in\">\n\t\t\t\t\t<a class=\"elementor-cta__button elementor-button elementor-size-\">\n\t\t\t\t\t\t\u6309\u8fd9\u91cc\t\t\t\t\t<\/a>\n\t\t\t\t\t<\/div>\n\t\t\t\t\t\t\t<\/div>\n\t\t\t\t\t\t<\/div>\n\t\t\t\t\t\t<\/div>\n\t\t\t\t<\/div>\n\t\t\t\t<\/div>\n\t\t<div class=\"elementor-element elementor-element-adf825e e-con-full e-flex e-con e-child\" data-id=\"adf825e\" data-element_type=\"container\">\n\t\t\t\t<div class=\"elementor-element elementor-element-5afad20 elementor-cta--skin-cover elementor-cta--valign-bottom elementor-animated-content elementor-bg-transform elementor-bg-transform-zoom-in elementor-widget elementor-widget-call-to-action\" data-id=\"5afad20\" data-element_type=\"widget\" data-widget_type=\"call-to-action.default\">\n\t\t\t\t<div class=\"elementor-widget-container\">\n\t\t\t\t\t\t\t<div class=\"elementor-cta\">\n\t\t\t\t\t<div class=\"elementor-cta__bg-wrapper\">\n\t\t\t\t<div class=\"elementor-cta__bg elementor-bg\" style=\"background-image: url(https:\/\/glintglobal.com\/wp-content\/uploads\/2025\/06\/Rectangle-186-4-1024x865.png);\" role=\"img\" aria-label=\"\u77e9\u5f62186(4)\"><\/div>\n\t\t\t\t<div class=\"elementor-cta__bg-overlay\"><\/div>\n\t\t\t<\/div>\n\t\t\t\t\t\t\t<div class=\"elementor-cta__content\">\n\t\t\t\t\n\t\t\t\t\t\t\t\t\t<h2 class=\"elementor-cta__title elementor-cta__content-item elementor-content-item elementor-animated-item--fade-in\">\n\t\t\t\t\t\t\u7c7d\t\t\t\t\t<\/h2>\n\t\t\t\t\n\t\t\t\t\t\t\t\t\t<div class=\"elementor-cta__description elementor-cta__content-item elementor-content-item elementor-animated-item--fade-in\">\n\t\t\t\t\t\t\u7c7d\u662f\u5c0f\u578b\u548c\u692d\u5706\u5f62\u72b6\u3001\u989c\u8272\u9ed1\u8272,\u68d5\u8272\u6216\u767d\u8272\uff0c\u5e76\u5df2\u7528\u4f5c\u98df\u54c1\u7528\u4e8e\u51e0\u4e2a\u4e16\u7eaa\u3002 \u4ed6\u4eec\u88ab\u79f0\u4e3a\u4ed6\u4eec\u7684\u9ad8\u6d53\u5ea6\u7684\u8425\u517b\u7269\u8d28\u53ca\u5176\u901a\u7528\u6027\u5728\u53a8\u623f\u91cc\u3002\t\t\t\t\t<\/div>\n\t\t\t\t\n\t\t\t\t\t\t\t\t\t<div class=\"elementor-cta__button-wrapper elementor-cta__content-item elementor-content-item elementor-animated-item--fade-in\">\n\t\t\t\t\t<a class=\"elementor-cta__button elementor-button elementor-size-\">\n\t\t\t\t\t\t\u6309\u8fd9\u91cc\t\t\t\t\t<\/a>\n\t\t\t\t\t<\/div>\n\t\t\t\t\t\t\t<\/div>\n\t\t\t\t\t\t<\/div>\n\t\t\t\t\t\t<\/div>\n\t\t\t\t<\/div>\n\t\t\t\t<\/div>\n\t\t\t\t<\/div>\n\t\t\t\t<\/div>\n\t\t<div class=\"elementor-element elementor-element-2bb96cf e-con-full e-flex e-con e-parent\" data-id=\"2bb96cf\" data-element_type=\"container\">\n\t\t\t\t<div class=\"elementor-element elementor-element-1ebd6c7 elementor-cta--skin-cover elementor-cta--valign-middle elementor-animated-content elementor-bg-transform elementor-bg-transform-zoom-in elementor-widget elementor-widget-call-to-action\" data-id=\"1ebd6c7\" data-element_type=\"widget\" data-widget_type=\"call-to-action.default\">\n\t\t\t\t<div class=\"elementor-widget-container\">\n\t\t\t\t\t\t\t<div class=\"elementor-cta\">\n\t\t\t\t\t<div class=\"elementor-cta__bg-wrapper\">\n\t\t\t\t<div class=\"elementor-cta__bg elementor-bg\" style=\"background-image: url(https:\/\/glintglobal.com\/wp-content\/uploads\/2025\/06\/Rectangle-186-5-1024x427.png);\" role=\"img\" aria-label=\"\u77e9\u5f62186(5)\"><\/div>\n\t\t\t\t<div class=\"elementor-cta__bg-overlay\"><\/div>\n\t\t\t<\/div>\n\t\t\t\t\t\t\t<div class=\"elementor-cta__content\">\n\t\t\t\t\n\t\t\t\t\t\t\t\t\t<h2 class=\"elementor-cta__title elementor-cta__content-item elementor-content-item elementor-animated-item--fade-in\">\n\t\t\t\t\t\t\u8c46\u9ed1\u8272\u7684\u773c\u775b\t\t\t\t\t<\/h2>\n\t\t\t\t\n\t\t\t\t\t\t\t\t\t<div class=\"elementor-cta__description elementor-cta__content-item elementor-content-item elementor-animated-item--fade-in\">\n\t\t\t\t\t\t\u8c46\u3001\u9ed1\u773c\u8c46\u79d1\u690d\u7269\uff0c\u5176\u7279\u70b9\u662f\u901a\u8fc7\u5176\u5927\u5c0f\u5c3a\u5bf8\u548c\u4e73\u767d\u8272\u3002<br>\u8fd9\u662f\u7ecf\u5e38\u4f7f\u7528\u7684\u5404\u79cd\u4f20\u7edf\u7684\u83dc\u80b4\u7684\u62c9\u4e01\u7f8e\u6d32\u53ca\u88ab\u79f0\u4e3a\u5176\u8425\u517b\u4ef7\u503c\u3002\t\t\t\t\t<\/div>\n\t\t\t\t\n\t\t\t\t\t\t\t\t\t<div class=\"elementor-cta__button-wrapper elementor-cta__content-item elementor-content-item elementor-animated-item--fade-in\">\n\t\t\t\t\t<a class=\"elementor-cta__button elementor-button elementor-size-\">\n\t\t\t\t\t\t\u6309\u8fd9\u91cc\t\t\t\t\t<\/a>\n\t\t\t\t\t<\/div>\n\t\t\t\t\t\t\t<\/div>\n\t\t\t\t\t\t<\/div>\n\t\t\t\t\t\t<\/div>\n\t\t\t\t<\/div>\n\t\t\t\t<\/div>\n\t\t<div class=\"elementor-element elementor-element-40d04e7 e-flex e-con-boxed e-con e-parent\" data-id=\"40d04e7\" data-element_type=\"container\">\n\t\t\t\t\t<div class=\"e-con-inner\">\n\t\t<div class=\"elementor-element elementor-element-6544e61 e-con-full e-flex e-con e-child\" data-id=\"6544e61\" data-element_type=\"container\" data-settings=\"{&quot;background_background&quot;:&quot;classic&quot;}\">\n\t\t<div class=\"elementor-element elementor-element-b4f6a66 e-con-full e-flex e-con e-child\" data-id=\"b4f6a66\" data-element_type=\"container\">\n\t\t\t\t<div class=\"elementor-element elementor-element-64e3f54 elementor-widget elementor-widget-heading\" data-id=\"64e3f54\" data-element_type=\"widget\" data-widget_type=\"heading.default\">\n\t\t\t\t<div class=\"elementor-widget-container\">\n\t\t\t\t\t<h2 class=\"elementor-heading-title elementor-size-default\">\u4f60\u51c6\u5907\u597d\u4e86\u505a\u751f\u610f\u7684\u6709\u4e09\u4e2a\u8001\u864e?<\/h2>\t\t\t\t<\/div>\n\t\t\t\t<\/div>\n\t\t\t\t<div class=\"elementor-element elementor-element-5298b59 elementor-widget elementor-widget-text-editor\" data-id=\"5298b59\" data-element_type=\"widget\" data-widget_type=\"text-editor.default\">\n\t\t\t\t<div class=\"elementor-widget-container\">\n\t\t\t\t\t\t\t\t\t<p>\u8bf7\u8054\u7cfb\u6211\u4eec\u548c\u6211\u4eec\u7684\u56e2\u961f\u5c06\u4e0e\u60a8\u8054\u7cfb\uff0c\u4ee5\u63d0\u4f9b\u66f4\u591a\u7684\u4fe1\u606f\uff0c\u6211\u4eec\u7684\u4ea7\u54c1\u548c\u51fa\u53e3\u8fc7\u7a0b\u3002<\/p>\t\t\t\t\t\t\t\t<\/div>\n\t\t\t\t<\/div>\n\t\t\t\t<\/div>\n\t\t<div class=\"elementor-element elementor-element-77b9248 e-con-full e-flex e-con e-child\" data-id=\"77b9248\" data-element_type=\"container\">\n\t\t\t\t<div class=\"elementor-element elementor-element-6531628 elementor-mobile-align-center elementor-widget elementor-widget-button\" data-id=\"6531628\" data-element_type=\"widget\" data-widget_type=\"button.default\">\n\t\t\t\t<div class=\"elementor-widget-container\">\n\t\t\t\t\t\t\t\t\t<div class=\"elementor-button-wrapper\">\n\t\t\t\t\t<a class=\"elementor-button elementor-button-link elementor-size-sm\" href=\"https:\/\/glintglobal.com\/zh\/contacto-three-tigers\/\">\n\t\t\t\t\t\t<span class=\"elementor-button-content-wrapper\">\n\t\t\t\t\t\t\t\t\t<span class=\"elementor-button-text\">\u8054\u7cfb\u6211\u4eec<\/span>\n\t\t\t\t\t<\/span>\n\t\t\t\t\t<\/a>\n\t\t\t\t<\/div>\n\t\t\t\t\t\t\t\t<\/div>\n\t\t\t\t<\/div>\n\t\t\t\t<\/div>\n\t\t\t\t<\/div>\n\t\t\t\t\t<\/div>\n\t\t\t\t<\/div>\n\t\t\t\t<\/div>","protected":false},"excerpt":{"rendered":"<p>GRANOS Y SEMILLAS DEL PER\u00fa HACIA EL MUNDO Cont\u00e1ctanos Nuestros Servicios Tu navegador no soporta el video. Calidad, trazabilidad y valor en cada env\u00edo Somos una empresa especializada en la exportaci\u00f3n de granos y semillas diversas, comprometida con llevar productos de alta calidad desde el Per\u00fa hacia el mundo. Trabajamos con rigurosos est\u00e1ndares para garantizar [&hellip;]<\/p>","protected":false},"author":1,"featured_media":0,"parent":0,"menu_order":0,"comment_status":"closed","ping_status":"closed","template":"elementor_header_footer","meta":{"footnotes":""},"class_list":["post-377","page","type-page","status-publish","hentry"],"_links":{"self":[{"href":"https:\/\/glintglobal.com\/zh\/wp-json\/wp\/v2\/pages\/377","targetHints":{"allow":["GET"]}}],"collection":[{"href":"https:\/\/glintglobal.com\/zh\/wp-json\/wp\/v2\/pages"}],"about":[{"href":"https:\/\/glintglobal.com\/zh\/wp-json\/wp\/v2\/types\/page"}],"author":[{"embeddable":true,"href":"https:\/\/glintglobal.com\/zh\/wp-json\/wp\/v2\/users\/1"}],"replies":[{"embeddable":true,"href":"https:\/\/glintglobal.com\/zh\/wp-json\/wp\/v2\/comments?post=377"}],"version-history":[{"count":223,"href":"https:\/\/glintglobal.com\/zh\/wp-json\/wp\/v2\/pages\/377\/revisions"}],"predecessor-version":[{"id":1382,"href":"https:\/\/glintglobal.com\/zh\/wp-json\/wp\/v2\/pages\/377\/revisions\/1382"}],"wp:attachment":[{"href":"https:\/\/glintglobal.com\/zh\/wp-json\/wp\/v2\/media?parent=377"}],"curies":[{"name":"wp","href":"https:\/\/api.w.org\/{rel}","templated":true}]}}