{"id":3,"date":"2025-06-17T22:36:36","date_gmt":"2025-06-17T20:36:36","guid":{"rendered":"http:\/\/glintweb.local\/?page_id=3"},"modified":"2025-07-10T11:24:49","modified_gmt":"2025-07-10T16:24:49","slug":"politica-privacidad","status":"publish","type":"page","link":"https:\/\/glintglobal.com\/zh\/politica-privacidad\/","title":{"rendered":"Pol\u00edtica de privacidad"},"content":{"rendered":"<div data-elementor-type=\"wp-page\" data-elementor-id=\"3\" class=\"elementor elementor-3\" data-elementor-post-type=\"page\">\n\t\t\t\t<div class=\"elementor-element elementor-element-aacf9b2 e-flex e-con-boxed e-con e-parent\" data-id=\"aacf9b2\" data-element_type=\"container\" data-settings=\"{&quot;background_background&quot;:&quot;classic&quot;}\">\n\t\t\t\t\t<div class=\"e-con-inner\">\n\t\t\t\t<div class=\"elementor-element elementor-element-620c8ab elementor-icon-list--layout-inline elementor-list-item-link-full_width elementor-widget elementor-widget-icon-list\" data-id=\"620c8ab\" data-element_type=\"widget\" data-widget_type=\"icon-list.default\">\n\t\t\t\t<div class=\"elementor-widget-container\">\n\t\t\t\t\t\t\t<ul class=\"elementor-icon-list-items elementor-inline-items\">\n\t\t\t\t\t\t\t<li class=\"elementor-icon-list-item elementor-inline-item\">\n\t\t\t\t\t\t\t\t\t\t\t<a href=\"https:\/\/glintglobal.com\/zh\/\">\n\n\t\t\t\t\t\t\t\t\t\t\t\t<span class=\"elementor-icon-list-icon\">\n\t\t\t\t\t\t\t<svg aria-hidden=\"true\" class=\"e-font-icon-svg e-fas-home\" viewbox=\"0 0 576 512\" xmlns=\"http:\/\/www.w3.org\/2000\/svg\"><path d=\"M280.37 148.26L96 300.11V464a16 16 0 0 0 16 16l112.06-.29a16 16 0 0 0 15.92-16V368a16 16 0 0 1 16-16h64a16 16 0 0 1 16 16v95.64a16 16 0 0 0 16 16.05L464 480a16 16 0 0 0 16-16V300L295.67 148.26a12.19 12.19 0 0 0-15.3 0zM571.6 251.47L488 182.56V44.05a12 12 0 0 0-12-12h-56a12 12 0 0 0-12 12v72.61L318.47 43a48 48 0 0 0-61 0L4.34 251.47a12 12 0 0 0-1.6 16.9l25.5 31A12 12 0 0 0 45.15 301l235.22-193.74a12.19 12.19 0 0 1 15.3 0L530.9 301a12 12 0 0 0 16.9-1.6l25.5-31a12 12 0 0 0-1.7-16.93z\"><\/path><\/svg>\t\t\t\t\t\t<\/span>\n\t\t\t\t\t\t\t\t\t\t<span class=\"elementor-icon-list-text\">\u5bb6<\/span>\n\t\t\t\t\t\t\t\t\t\t\t<\/a>\n\t\t\t\t\t\t\t\t\t<\/li>\n\t\t\t\t\t\t\t\t<li class=\"elementor-icon-list-item elementor-inline-item\">\n\t\t\t\t\t\t\t\t\t\t\t<span class=\"elementor-icon-list-icon\">\n\t\t\t\t\t\t\t<svg aria-hidden=\"true\" class=\"e-font-icon-svg e-fas-chevron-right\" viewbox=\"0 0 320 512\" xmlns=\"http:\/\/www.w3.org\/2000\/svg\"><path d=\"M285.476 272.971L91.132 467.314c-9.373 9.373-24.569 9.373-33.941 0l-22.667-22.667c-9.357-9.357-9.375-24.522-.04-33.901L188.505 256 34.484 101.255c-9.335-9.379-9.317-24.544.04-33.901l22.667-22.667c9.373-9.373 24.569-9.373 33.941 0L285.475 239.03c9.373 9.372 9.373 24.568.001 33.941z\"><\/path><\/svg>\t\t\t\t\t\t<\/span>\n\t\t\t\t\t\t\t\t\t\t<span class=\"elementor-icon-list-text\">\u9690\u79c1\u6743\u653f\u7b56<\/span>\n\t\t\t\t\t\t\t\t\t<\/li>\n\t\t\t\t\t\t<\/ul>\n\t\t\t\t\t\t<\/div>\n\t\t\t\t<\/div>\n\t\t\t\t\t<\/div>\n\t\t\t\t<\/div>\n\t\t<div class=\"elementor-element elementor-element-54d5e47 e-flex e-con-boxed e-con e-parent\" data-id=\"54d5e47\" data-element_type=\"container\">\n\t\t\t\t\t<div class=\"e-con-inner\">\n\t\t\t\t<div class=\"elementor-element elementor-element-07c7a74 elementor-widget elementor-widget-heading\" data-id=\"07c7a74\" data-element_type=\"widget\" data-widget_type=\"heading.default\">\n\t\t\t\t<div class=\"elementor-widget-container\">\n\t\t\t\t\t<h2 class=\"elementor-heading-title elementor-size-default\">\u9690\u79c1\u6743\u653f\u7b56<\/h2>\t\t\t\t<\/div>\n\t\t\t\t<\/div>\n\t\t\t\t<div class=\"elementor-element elementor-element-8f97ebc elementor-widget elementor-widget-text-editor\" data-id=\"8f97ebc\" data-element_type=\"widget\" data-widget_type=\"text-editor.default\">\n\t\t\t\t<div class=\"elementor-widget-container\">\n\t\t\t\t\t\t\t\t\t<p>\u5728\u8fd9\u8282\u76ee\uff0c\u6211\u4eec\u81f4\u529b\u4e8e\u4fdd\u62a4\u9690\u79c1\u548c\u5b89\u5168\u7684\u4e2a\u4eba\u4fe1\u606f\u7684\u6211\u4eec\u7684\u5ba2\u6237\u3001\u4f9b\u5e94\u5546\u548c\u6e38\u5ba2\u5230\u6211\u4eec\u7684\u7f51\u7ad9\u3002 \u8fd9\u4e2a\u4eba\u9690\u79c1\u7684\u653f\u7b56\u63cf\u8ff0\u4e86\u6211\u4eec\u5982\u4f55\u6536\u96c6\u3001\u4f7f\u7528\u548c\u4fdd\u62a4\u6570\u636e\uff0c\u5f53\u4f60\u4e0e\u6211\u4eec\u4e92\u52a8\u3002<\/p>\t\t\t\t\t\t\t\t<\/div>\n\t\t\t\t<\/div>\n\t\t\t\t<div class=\"elementor-element elementor-element-880b5a0 elementor-widget elementor-widget-heading\" data-id=\"880b5a0\" data-element_type=\"widget\" data-widget_type=\"heading.default\">\n\t\t\t\t<div class=\"elementor-widget-container\">\n\t\t\t\t\t<h2 class=\"elementor-heading-title elementor-size-default\">\u6536\u96c6\u7684\u4e2a\u4eba\u4fe1\u606f<\/h2>\t\t\t\t<\/div>\n\t\t\t\t<\/div>\n\t\t\t\t<div class=\"elementor-element elementor-element-ddec8d8 elementor-widget elementor-widget-text-editor\" data-id=\"ddec8d8\" data-element_type=\"widget\" data-widget_type=\"text-editor.default\">\n\t\t\t\t<div class=\"elementor-widget-container\">\n\t\t\t\t\t\t\t\t\t<p>\u5f53\u60a8\u8bbf\u95ee\u6211\u4eec\u7684\u7f51\u7ad9\u6216\u8005\u4e0e\u6211\u4eec\u7684\u56e2\u961f\uff0c\u6211\u4eec\u53ef\u4ee5\u6536\u96c6\u4e2a\u4eba\u4fe1\u606f\u5982\u59d3\u540d\u3001\u7535\u5b50\u90ae\u4ef6\u5730\u5740\u3001\u7535\u8bdd\u53f7\u7801\u3001\u516c\u53f8\u540d\u79f0\u3001\u56fd\u5bb6\u7684\u64cd\u4f5c\u548c\u6570\u636e\u6709\u5173\u7684\u4e1a\u52a1\u3002 \u6b64\u5916\uff0c\u6211\u4eec\u6536\u96c6\u6d4f\u89c8\u7684\u4fe1\u606f\uff0c\u5982IP\u5730\u5740\u3001\u8bbe\u5907\u7c7b\u578b\u3001\u6d4f\u89c8\u5668\u7684\u4f7f\u7528\u548c\u9875\u9762\u8bbf\u95ee\u6211\u4eec\u7684\u7f51\u7ad9\u3002 \u5728\u8fd9\u79cd\u60c5\u51b5\u4e0b\u7684\u4e00\u79cd\u5546\u4e1a\u4ea4\u6613\uff0c\u6211\u4eec\u4e5f\u53ef\u80fd\u5904\u7406\u6570\u636e\u7528\u4e8e\u8ba1\u8d39\u548c\u4ed8\u6b3e\u3002 \u7136\u800c\uff0c\u6211\u4eec\u4e0d\u6536\u96c6\u5b8c\u6574\u7684\u8d22\u52a1\u6570\u636e\u6216\u654f\u611f\u6570\u636e\u3002<\/p>\t\t\t\t\t\t\t\t<\/div>\n\t\t\t\t<\/div>\n\t\t\t\t<div class=\"elementor-element elementor-element-06d81ce elementor-widget elementor-widget-heading\" data-id=\"06d81ce\" data-element_type=\"widget\" data-widget_type=\"heading.default\">\n\t\t\t\t<div class=\"elementor-widget-container\">\n\t\t\t\t\t<h2 class=\"elementor-heading-title elementor-size-default\">\u4f7f\u7528\u7684\u4fe1\u606f<\/h2>\t\t\t\t<\/div>\n\t\t\t\t<\/div>\n\t\t\t\t<div class=\"elementor-element elementor-element-157a8a0 elementor-widget elementor-widget-text-editor\" data-id=\"157a8a0\" data-element_type=\"widget\" data-widget_type=\"text-editor.default\">\n\t\t\t\t<div class=\"elementor-widget-container\">\n\t\t\t\t\t\t\t\t\t<p>\u6211\u4eec\u6536\u96c6\u7684\u4fe1\u606f\u662f\u7528\u4e8e\u7ba1\u7406\u54a8\u8be2\uff0c\u4ee5\u5904\u7406\u62a5\u4ef7\u5355\u548c\u8ba2\u5355\uff0c\u5411\u987e\u5ba2\u63d0\u4f9b\u670d\u52a1\uff0c\u81f3\u76f8\u5173\u4fe1\u606f\u53d1\u9001\u5173\u4e8e\u6211\u4eec\u7684\u4ea7\u54c1\uff0c\u4ee5\u6539\u5584\u6d4f\u89c8\u7ecf\u9a8c\uff0c\u5728\u6211\u4eec\u7684\u7f51\u7ad9\u4e0a\u3002 \u6211\u4eec\u8fd8\u5229\u7528\u8fd9\u4e9b\u6570\u636e\u7b26\u5408\u6cd5\u5f8b\u6cd5\u89c4\u548c\u6761\u4f8b\u9002\u7528\u7684\u3002 \u8be5\u8f6f\u4ef6\u4e0d\u51fa\u552e\u3001\u51fa\u79df\u6216\u4e2a\u4eba\u5171\u4eab\u4fe1\u606f\u4e0e\u7b2c\u4e09\u65b9\u6ca1\u6709\u4f60\u4e8b\u5148\u540c\u610f\uff0c\u9664\u4e86\u5728\u7684\u60c5\u51b5\u4e0b\uff0c\u6709\u5fc5\u8981\u9075\u5b88\u6211\u4eec\u7684\u4e1a\u52a1\u64cd\u4f5c\uff0c\u6216\u8005\u6cd5\u5f8b\u8981\u6c42\u3002<\/p>\t\t\t\t\t\t\t\t<\/div>\n\t\t\t\t<\/div>\n\t\t\t\t<div class=\"elementor-element elementor-element-240b9c6 elementor-widget elementor-widget-heading\" data-id=\"240b9c6\" data-element_type=\"widget\" data-widget_type=\"heading.default\">\n\t\t\t\t<div class=\"elementor-widget-container\">\n\t\t\t\t\t<h2 class=\"elementor-heading-title elementor-size-default\">\u6570\u636e\u4fdd\u62a4\u548c\u6570\u636e\u5b89\u5168<\/h2>\t\t\t\t<\/div>\n\t\t\t\t<\/div>\n\t\t\t\t<div class=\"elementor-element elementor-element-25baeb4 elementor-widget elementor-widget-text-editor\" data-id=\"25baeb4\" data-element_type=\"widget\" data-widget_type=\"text-editor.default\">\n\t\t\t\t<div class=\"elementor-widget-container\">\n\t\t\t\t\t\t\t\t\t<p>\u786e\u4fdd\u5b89\u5168\u7684\u4fe1\u606f\uff0c\u6211\u4eec\u5df2\u7ecf\u5b9e\u65bd\u4e86\u4fdd\u62a4\u63aa\u65bd\uff0c\u5982\u5b89\u5168\u670d\u52a1\u5668\u3001\u6570\u636e\u52a0\u5bc6\uff0c\u9650\u5236\u8bbf\u95ee\u53ea\u6709\u7ecf\u6388\u6743\u7684\u4eba\u5458\u3002 \u5c3d\u7ba1\u4f5c\u51fa\u4e86\u8fd9\u4e9b\u52aa\u529b\uff0c\u6ca1\u6709\u7cfb\u7edf\u5b8c\u5168\u5b89\u5168\u7684\u3002 \u5728\u68c0\u6d4b\u7684\u60c5\u51b5\u4e0b\u53ef\u80fd\u8fdd\u53cd\u5b89\u5168\uff0c\u6211\u4eec\u5c06\u901a\u77e5\u53d7\u5f71\u54cd\u7528\u6237\u6839\u636e\u8be5\u6cd5\u5f8b\u751f\u6548\u3002<\/p>\t\t\t\t\t\t\t\t<\/div>\n\t\t\t\t<\/div>\n\t\t\t\t<div class=\"elementor-element elementor-element-cac63ce elementor-widget elementor-widget-heading\" data-id=\"cac63ce\" data-element_type=\"widget\" data-widget_type=\"heading.default\">\n\t\t\t\t<div class=\"elementor-widget-container\">\n\t\t\t\t\t<h2 class=\"elementor-heading-title elementor-size-default\">\u997c\u5e72\u548c\u8ffd\u8e2a\u6280\u672f<\/h2>\t\t\t\t<\/div>\n\t\t\t\t<\/div>\n\t\t\t\t<div class=\"elementor-element elementor-element-d1f3e09 elementor-widget elementor-widget-text-editor\" data-id=\"d1f3e09\" data-element_type=\"widget\" data-widget_type=\"text-editor.default\">\n\t\t\t\t<div class=\"elementor-widget-container\">\n\t\t\t\t\t\t\t\t\t<p>\u6211\u4eec\u7684\u7f51\u7ad9\u4f7f\u7528\u7684\u997c\u5e72\u548c\u7c7b\u4f3c\u6280\u672f\u6765\u63d0\u9ad8\u7528\u6237\u7684\u7ecf\u9a8c\u3002 \u8fd9\u4e9b\u5de5\u5177\u53ef\u4ee5\u8ba9\u6211\u4eec\u8bb0\u4f4f\u7684\u6d4f\u89c8\u9009\u9879\uff0c\u5206\u6790\u7f51\u7ad9\u4ea4\u901a\u548c\u63d0\u4f9b\u76f8\u5173\u7684\u5185\u5bb9\u3002 \u7528\u6237\u53ef\u4ee5\u7ba1\u7406\u6216\u7981\u7528\u7684\u997c\u5e72\u4f60\u7684\u6d4f\u89c8\u5668\u7684\u8bbe\u7f6e\uff0c\u4f46\u662f\u8fd9\u53ef\u80fd\u4f1a\u5f71\u54cd\u67d0\u4e9b\u529f\u80fd\u7684\u7f51\u7ad9\u3002<\/p>\t\t\t\t\t\t\t\t<\/div>\n\t\t\t\t<\/div>\n\t\t\t\t<div class=\"elementor-element elementor-element-04ac919 elementor-widget elementor-widget-heading\" data-id=\"04ac919\" data-element_type=\"widget\" data-widget_type=\"heading.default\">\n\t\t\t\t<div class=\"elementor-widget-container\">\n\t\t\t\t\t<h2 class=\"elementor-heading-title elementor-size-default\">\u4f7f\u7528\u8005\u6743\u5229<\/h2>\t\t\t\t<\/div>\n\t\t\t\t<\/div>\n\t\t\t\t<div class=\"elementor-element elementor-element-0311fb2 elementor-widget elementor-widget-text-editor\" data-id=\"0311fb2\" data-element_type=\"widget\" data-widget_type=\"text-editor.default\">\n\t\t\t\t<div class=\"elementor-widget-container\">\n\t\t\t\t\t\t\t\t\t<p>\u7528\u6237\u6709\u6743\u8bbf\u95ee\u4f60\u7684\u4e2a\u4eba\u4fe1\u606f\uff0c\u8981\u6c42\u4ed6\u4eec\u7ea0\u6b63\u6216\u5220\u9664\uff0c\u64a4\u56de\u540c\u610f\u4f7f\u7528\u6570\u636e\u7528\u4e8e\u5546\u4e1a\u76ee\u7684\uff0c\u63d0\u4ea4\u7533\u8bc9\u7684\u6570\u636e\u4fdd\u62a4\u5f53\u5c40\u7684\u60c5\u51b5\u4e0b\u4e0d\u9075\u5b88\u60c5\u51b5\u3002 \u884c\u4f7f\u8fd9\u4e9b\u6743\u5229\uff0c\u53ef\u4ee5\u8054\u7cfb\u6211\u4eec\u901a\u8fc7[\u8054\u7cfb\u4eba\u7684\u7535\u5b50\u90ae\u4ef6].<\/p>\t\t\t\t\t\t\t\t<\/div>\n\t\t\t\t<\/div>\n\t\t\t\t<div class=\"elementor-element elementor-element-bcd88e6 elementor-widget elementor-widget-heading\" data-id=\"bcd88e6\" data-element_type=\"widget\" data-widget_type=\"heading.default\">\n\t\t\t\t<div class=\"elementor-widget-container\">\n\t\t\t\t\t<h2 class=\"elementor-heading-title elementor-size-default\">\u5171\u4eab\u7684\u6743\u5229\u7684\u7b2c\u4e09\u65b9<\/h2>\t\t\t\t<\/div>\n\t\t\t\t<\/div>\n\t\t\t\t<div class=\"elementor-element elementor-element-9dd3ee5 elementor-widget elementor-widget-text-editor\" data-id=\"9dd3ee5\" data-element_type=\"widget\" data-widget_type=\"text-editor.default\">\n\t\t\t\t<div class=\"elementor-widget-container\">\n\t\t\t\t\t\t\t\t\t<p>\u8be5\u8f6f\u4ef6\u53ea\u80fd\u5206\u4eab\u4fe1\u606f\u4e0e\u7b2c\u4e09\u65b9\u5728\u7279\u5b9a\u60c5\u51b5\u4e0b\uff0c\u4f8b\u5982\u4e0e\u4f9b\u5e94\u5546\u3001\u540e\u52e4\u548c\u6d77\u5173\u5904\u7406\u51fa\u53e3\uff0c\u652f\u4ed8\u7684\u5e73\u53f0\uff0c\u4ee5\u5904\u7406\u4ea4\u6613\u548c\u4e0e\u653f\u5e9c\u5f53\u5c40\u5982\u679c\u6cd5\u5f8b\u8981\u6c42\u3002 \u5728\u6240\u6709\u60c5\u51b5\u4e0b\uff0c\u6211\u4eec\u5c06\u786e\u4fdd\u8fd9\u79cd\u7b2c\u4e09\u65b9\u9075\u5b88\u9ad8\u6807\u51c6\u7684\u5b89\u5168\u6027\u548c\u4fdd\u5bc6\u6027\u3002<\/p>\t\t\t\t\t\t\t\t<\/div>\n\t\t\t\t<\/div>\n\t\t\t\t<div class=\"elementor-element elementor-element-1ab1ab4 elementor-widget elementor-widget-heading\" data-id=\"1ab1ab4\" data-element_type=\"widget\" data-widget_type=\"heading.default\">\n\t\t\t\t<div class=\"elementor-widget-container\">\n\t\t\t\t\t<h2 class=\"elementor-heading-title elementor-size-default\">\u4fee\u6539\u9690\u79c1\u6743\u653f\u7b56<\/h2>\t\t\t\t<\/div>\n\t\t\t\t<\/div>\n\t\t\t\t<div class=\"elementor-element elementor-element-404e5a9 elementor-widget elementor-widget-text-editor\" data-id=\"404e5a9\" data-element_type=\"widget\" data-widget_type=\"text-editor.default\">\n\t\t\t\t<div class=\"elementor-widget-container\">\n\t\t\t\t\t\t\t\t\t<p>\u6211\u4eec\u6709\u6743\u4fee\u6539\u8fd9\u4e2a\u4eba\u9690\u79c1\u7684\u653f\u7b56\u5728\u4efb\u4f55\u65f6\u95f4\u3002 \u4efb\u4f55\u66f4\u6539\u90fd\u5c06\u8d34\u5728\u8be5\u7f51\u9875\u5c06\u6210\u4e3a\u6709\u6548\u4e4b\u540e\u7acb\u5373\u5347\u7ea7\u3002<\/p>\t\t\t\t\t\t\t\t<\/div>\n\t\t\t\t<\/div>\n\t\t\t\t<div class=\"elementor-element elementor-element-f0edacb elementor-widget elementor-widget-heading\" data-id=\"f0edacb\" data-element_type=\"widget\" data-widget_type=\"heading.default\">\n\t\t\t\t<div class=\"elementor-widget-container\">\n\t\t\t\t\t<h2 class=\"elementor-heading-title elementor-size-default\">\u63a5\u89e6<\/h2>\t\t\t\t<\/div>\n\t\t\t\t<\/div>\n\t\t\t\t<div class=\"elementor-element elementor-element-8324af6 elementor-widget elementor-widget-text-editor\" data-id=\"8324af6\" data-element_type=\"widget\" data-widget_type=\"text-editor.default\">\n\t\t\t\t<div class=\"elementor-widget-container\">\n\t\t\t\t\t\t\t\t\t<p>Si tienes preguntas sobre nuestra Pol\u00edtica de Privacidad o deseas ejercer tus derechos, puedes comunicarte con nosotros a trav\u00e9s de info@glintglobal.com o llamarnos al +51 919 297 088.<\/p>\t\t\t\t\t\t\t\t<\/div>\n\t\t\t\t<\/div>\n\t\t\t\t\t<\/div>\n\t\t\t\t<\/div>\n\t\t\t\t<\/div>","protected":false},"excerpt":{"rendered":"<p>Inicio Pol\u00edticas de privacidad Pol\u00edtica de Privacidad En GLINT, nos comprometemos a proteger la privacidad y seguridad de la informaci\u00f3n personal de nuestros clientes, proveedores y visitantes de nuestro sitio web. Esta Pol\u00edtica de Privacidad describe c\u00f3mo recopilamos, utilizamos y protegemos tus datos cuando interact\u00faas con nosotros. Recopilaci\u00f3n de Informaci\u00f3n Personal Cuando visitas nuestro sitio [&hellip;]<\/p>","protected":false},"author":1,"featured_media":0,"parent":0,"menu_order":0,"comment_status":"closed","ping_status":"closed","template":"elementor_header_footer","meta":{"footnotes":""},"class_list":["post-3","page","type-page","status-publish","hentry"],"_links":{"self":[{"href":"https:\/\/glintglobal.com\/zh\/wp-json\/wp\/v2\/pages\/3","targetHints":{"allow":["GET"]}}],"collection":[{"href":"https:\/\/glintglobal.com\/zh\/wp-json\/wp\/v2\/pages"}],"about":[{"href":"https:\/\/glintglobal.com\/zh\/wp-json\/wp\/v2\/types\/page"}],"author":[{"embeddable":true,"href":"https:\/\/glintglobal.com\/zh\/wp-json\/wp\/v2\/users\/1"}],"replies":[{"embeddable":true,"href":"https:\/\/glintglobal.com\/zh\/wp-json\/wp\/v2\/comments?post=3"}],"version-history":[{"count":19,"href":"https:\/\/glintglobal.com\/zh\/wp-json\/wp\/v2\/pages\/3\/revisions"}],"predecessor-version":[{"id":1385,"href":"https:\/\/glintglobal.com\/zh\/wp-json\/wp\/v2\/pages\/3\/revisions\/1385"}],"wp:attachment":[{"href":"https:\/\/glintglobal.com\/zh\/wp-json\/wp\/v2\/media?parent=3"}],"curies":[{"name":"wp","href":"https:\/\/api.w.org\/{rel}","templated":true}]}}