{"id":377,"date":"2025-06-21T03:25:47","date_gmt":"2025-06-21T01:25:47","guid":{"rendered":"http:\/\/glintweb.local\/?page_id=377"},"modified":"2025-07-10T11:16:08","modified_gmt":"2025-07-10T16:16:08","slug":"three-tigers","status":"publish","type":"page","link":"https:\/\/glintglobal.com\/en\/three-tigers\/","title":{"rendered":"Three tigers"},"content":{"rendered":"<div data-elementor-type=\"wp-page\" data-elementor-id=\"377\" class=\"elementor elementor-377\" data-elementor-post-type=\"page\">\n\t\t\t\t<div class=\"elementor-element elementor-element-28e55d2 e-flex e-con-boxed e-con e-parent\" data-id=\"28e55d2\" data-element_type=\"container\" data-settings=\"{&quot;background_background&quot;:&quot;classic&quot;}\">\n\t\t\t\t\t<div class=\"e-con-inner\">\n\t\t<div class=\"elementor-element elementor-element-a2cae5d e-con-full e-flex e-con e-child\" data-id=\"a2cae5d\" data-element_type=\"container\">\n\t\t\t\t<div class=\"elementor-element elementor-element-691e279 elementor-widget__width-initial elementor-widget elementor-widget-heading\" data-id=\"691e279\" data-element_type=\"widget\" data-widget_type=\"heading.default\">\n\t\t\t\t<div class=\"elementor-widget-container\">\n\t\t\t\t\t<h2 class=\"elementor-heading-title elementor-size-default\">GRAINS AND SEEDS FROM PERU TO THE WORLD<\/h2>\t\t\t\t<\/div>\n\t\t\t\t<\/div>\n\t\t<div class=\"elementor-element elementor-element-b659f11 e-con-full e-flex e-con e-child\" data-id=\"b659f11\" data-element_type=\"container\">\n\t\t\t\t<div class=\"elementor-element elementor-element-af0c552 elementor-widget elementor-widget-button\" data-id=\"af0c552\" data-element_type=\"widget\" data-widget_type=\"button.default\">\n\t\t\t\t<div class=\"elementor-widget-container\">\n\t\t\t\t\t\t\t\t\t<div class=\"elementor-button-wrapper\">\n\t\t\t\t\t<a class=\"elementor-button elementor-button-link elementor-size-sm\" href=\"https:\/\/glintglobal.com\/en\/contacto-three-tigers\/\">\n\t\t\t\t\t\t<span class=\"elementor-button-content-wrapper\">\n\t\t\t\t\t\t\t\t\t<span class=\"elementor-button-text\">Contact us<\/span>\n\t\t\t\t\t<\/span>\n\t\t\t\t\t<\/a>\n\t\t\t\t<\/div>\n\t\t\t\t\t\t\t\t<\/div>\n\t\t\t\t<\/div>\n\t\t\t\t<div class=\"elementor-element elementor-element-2e2d308 elementor-widget elementor-widget-button\" data-id=\"2e2d308\" data-element_type=\"widget\" id=\"abrirVideo\" data-widget_type=\"button.default\">\n\t\t\t\t<div class=\"elementor-widget-container\">\n\t\t\t\t\t\t\t\t\t<div class=\"elementor-button-wrapper\">\n\t\t\t\t\t<a class=\"elementor-button elementor-button-link elementor-size-sm\" href=\"#\">\n\t\t\t\t\t\t<span class=\"elementor-button-content-wrapper\">\n\t\t\t\t\t\t<span class=\"elementor-button-icon\">\n\t\t\t\t<svg aria-hidden=\"true\" class=\"e-font-icon-svg e-fas-play-circle\" viewbox=\"0 0 512 512\" xmlns=\"http:\/\/www.w3.org\/2000\/svg\"><path d=\"M256 8C119 8 8 119 8 256s111 248 248 248 248-111 248-248S393 8 256 8zm115.7 272l-176 101c-15.8 8.8-35.7-2.5-35.7-21V152c0-18.4 19.8-29.8 35.7-21l176 107c16.4 9.2 16.4 32.9 0 42z\"><\/path><\/svg>\t\t\t<\/span>\n\t\t\t\t\t\t\t\t\t<span class=\"elementor-button-text\">Our Services<\/span>\n\t\t\t\t\t<\/span>\n\t\t\t\t\t<\/a>\n\t\t\t\t<\/div>\n\t\t\t\t\t\t\t\t<\/div>\n\t\t\t\t<\/div>\n\t\t\t\t<\/div>\n\t\t\t\t<div class=\"elementor-element elementor-element-38fea8d elementor-widget elementor-widget-html\" data-id=\"38fea8d\" data-element_type=\"widget\" data-widget_type=\"html.default\">\n\t\t\t\t<div class=\"elementor-widget-container\">\n\t\t\t\t\t<style>\r\n  @keyframes fadeIn {\r\n    from { opacity: 0; }\r\n    to { opacity: 1; }\r\n  }\r\n\r\n  @keyframes fadeOut {\r\n    from { opacity: 1; }\r\n    to { opacity: 0; }\r\n  }\r\n\r\n  #popupVideo {\r\n    display: none;\r\n    position: fixed;\r\n    top: 0; left: 0;\r\n    width: 100vw; height: 100vh;\r\n    background-color: rgba(0, 0, 0, 0.85);\r\n    z-index: 9999;\r\n    justify-content: center;\r\n    align-items: center;\r\n    opacity: 0;\r\n  }\r\n\r\n  #popupVideo.fade-in {\r\n    display: flex !important;\r\n    animation: fadeIn 0.4s forwards;\r\n  }\r\n\r\n  #popupVideo.fade-out {\r\n    animation: fadeOut 0.4s forwards;\r\n  }\r\n<\/style>\r\n\r\n<div id=\"popupVideo\">\r\n  <div style=\"display: inline-block; max-width: 100%; max-height: 100%; overflow: auto;\">\r\n    <video id=\"videoReproducir\" controls style=\"width: 100%; height: auto; max-width: 960px; border-radius: 12px; box-shadow: 0 0 40px rgba(0,0,0,0.6);\">\r\n      <source src=\"https:\/\/glintglobal.com\/wp-content\/uploads\/2025\/07\/VIDEO-THREE-TIGER.mp4\" type=\"video\/mp4\">\r\n      Tu navegador no soporta el video.\r\n    <\/video>\r\n  <\/div>\r\n<\/div>\r\n\r\n<script>\r\n  const boton = document.getElementById(\"abrirVideo\");\r\n  const popup = document.getElementById(\"popupVideo\");\r\n  const video = document.getElementById(\"videoReproducir\");\r\n\r\n  boton.addEventListener(\"click\", () => {\r\n    popup.classList.remove(\"fade-out\");\r\n    popup.classList.add(\"fade-in\");\r\n    video.play();\r\n  });\r\n\r\n  popup.addEventListener(\"click\", (e) => {\r\n    if (e.target === popup) {\r\n      popup.classList.remove(\"fade-in\");\r\n      popup.classList.add(\"fade-out\");\r\n      video.pause();\r\n      video.currentTime = 0;\r\n      setTimeout(() => {\r\n        popup.style.display = \"none\";\r\n      }, 400);\r\n    }\r\n  });\r\n<\/script>\r\n\t\t\t\t<\/div>\n\t\t\t\t<\/div>\n\t\t\t\t<\/div>\n\t\t\t\t\t<\/div>\n\t\t\t\t<\/div>\n\t\t<div class=\"elementor-element elementor-element-873398f e-flex e-con-boxed e-con e-parent\" data-id=\"873398f\" data-element_type=\"container\" id=\"Nosotros\" data-settings=\"{&quot;background_background&quot;:&quot;classic&quot;}\">\n\t\t\t\t\t<div class=\"e-con-inner\">\n\t\t<div class=\"elementor-element elementor-element-dc8783b e-con-full e-flex e-con e-child\" data-id=\"dc8783b\" data-element_type=\"container\">\n\t\t<div class=\"elementor-element elementor-element-4fbf48a e-con-full e-flex e-con e-child\" data-id=\"4fbf48a\" data-element_type=\"container\">\n\t\t\t\t<div class=\"elementor-element elementor-element-728ff8f elementor-widget__width-inherit elementor-widget elementor-widget-heading\" data-id=\"728ff8f\" data-element_type=\"widget\" data-widget_type=\"heading.default\">\n\t\t\t\t<div class=\"elementor-widget-container\">\n\t\t\t\t\t<h2 class=\"elementor-heading-title elementor-size-default\">Quality, traceability and<\/h2>\t\t\t\t<\/div>\n\t\t\t\t<\/div>\n\t\t\t\t<div class=\"elementor-element elementor-element-9b739b7 elementor-widget__width-inherit elementor-widget elementor-widget-heading\" data-id=\"9b739b7\" data-element_type=\"widget\" data-widget_type=\"heading.default\">\n\t\t\t\t<div class=\"elementor-widget-container\">\n\t\t\t\t\t<h2 class=\"elementor-heading-title elementor-size-default\">value in each shipment<\/h2>\t\t\t\t<\/div>\n\t\t\t\t<\/div>\n\t\t\t\t<div class=\"elementor-element elementor-element-6899e19 elementor-widget elementor-widget-text-editor\" data-id=\"6899e19\" data-element_type=\"widget\" data-widget_type=\"text-editor.default\">\n\t\t\t\t<div class=\"elementor-widget-container\">\n\t\t\t\t\t\t\t\t\t<p>We are a company specialized in the export of grains and seeds, various, committed to bring high-quality products from Peru to the world. We work with rigorous standards to ensure the traceability, safety and value in each shipment.<\/p>\t\t\t\t\t\t\t\t<\/div>\n\t\t\t\t<\/div>\n\t\t\t\t<\/div>\n\t\t<div class=\"elementor-element elementor-element-b2d0af9 e-con-full elementor-hidden-mobile e-flex e-con e-child\" data-id=\"b2d0af9\" data-element_type=\"container\">\n\t\t\t\t<\/div>\n\t\t\t\t<\/div>\n\t\t\t\t\t<\/div>\n\t\t\t\t<\/div>\n\t\t<div class=\"elementor-element elementor-element-a456dab e-flex e-con-boxed e-con e-parent\" data-id=\"a456dab\" data-element_type=\"container\" data-settings=\"{&quot;background_background&quot;:&quot;classic&quot;}\">\n\t\t\t\t\t<div class=\"e-con-inner\">\n\t\t\t\t<div class=\"elementor-element elementor-element-6ec2dc9 elementor-widget elementor-widget-image\" data-id=\"6ec2dc9\" data-element_type=\"widget\" data-widget_type=\"image.default\">\n\t\t\t\t<div class=\"elementor-widget-container\">\n\t\t\t\t\t\t\t\t\t\t\t\t\t\t\t<img fetchpriority=\"high\" decoding=\"async\" width=\"800\" height=\"753\" src=\"https:\/\/glintglobal.com\/wp-content\/uploads\/2025\/06\/Frame-427318976-1024x964.png\" class=\"attachment-large size-large wp-image-432\" alt=\"\" srcset=\"https:\/\/glintglobal.com\/wp-content\/uploads\/2025\/06\/Frame-427318976-1024x964.png 1024w, https:\/\/glintglobal.com\/wp-content\/uploads\/2025\/06\/Frame-427318976-300x282.png 300w, https:\/\/glintglobal.com\/wp-content\/uploads\/2025\/06\/Frame-427318976-768x723.png 768w, https:\/\/glintglobal.com\/wp-content\/uploads\/2025\/06\/Frame-427318976.png 1285w\" sizes=\"(max-width: 800px) 100vw, 800px\" \/>\t\t\t\t\t\t\t\t\t\t\t\t\t\t\t<\/div>\n\t\t\t\t<\/div>\n\t\t\t\t\t<\/div>\n\t\t\t\t<\/div>\n\t\t<div class=\"elementor-element elementor-element-5ff4e39 e-flex e-con-boxed e-con e-parent\" data-id=\"5ff4e39\" data-element_type=\"container\">\n\t\t\t\t\t<div class=\"e-con-inner\">\n\t\t<div class=\"elementor-element elementor-element-0a4cff1 e-con-full e-flex e-con e-child\" data-id=\"0a4cff1\" data-element_type=\"container\">\n\t\t\t\t<div class=\"elementor-element elementor-element-36397c7 elementor-widget elementor-widget-text-editor\" data-id=\"36397c7\" data-element_type=\"widget\" data-widget_type=\"text-editor.default\">\n\t\t\t\t<div class=\"elementor-widget-container\">\n\t\t\t\t\t\t\t\t\t<p>What sets us apart is the exceptional quality of our products. We work directly with local farmers, ensuring that the products are grown in a sustainable manner and with respect for the traditional production methods. Our products are carefully selected, processed under the highest standards of quality and packaged with attention to detail.<\/p>\t\t\t\t\t\t\t\t<\/div>\n\t\t\t\t<\/div>\n\t\t\t\t<\/div>\n\t\t<div class=\"elementor-element elementor-element-4c3581b e-con-full e-flex e-con e-child\" data-id=\"4c3581b\" data-element_type=\"container\">\n\t\t\t\t<div class=\"elementor-element elementor-element-7f64195 elementor-widget__width-inherit elementor-widget elementor-widget-heading\" data-id=\"7f64195\" data-element_type=\"widget\" data-widget_type=\"heading.default\">\n\t\t\t\t<div class=\"elementor-widget-container\">\n\t\t\t\t\t<h2 class=\"elementor-heading-title elementor-size-default\">Why<\/h2>\t\t\t\t<\/div>\n\t\t\t\t<\/div>\n\t\t\t\t<div class=\"elementor-element elementor-element-6e608d3 elementor-widget__width-inherit elementor-widget elementor-widget-heading\" data-id=\"6e608d3\" data-element_type=\"widget\" data-widget_type=\"heading.default\">\n\t\t\t\t<div class=\"elementor-widget-container\">\n\t\t\t\t\t<h2 class=\"elementor-heading-title elementor-size-default\">to choose us?<\/h2>\t\t\t\t<\/div>\n\t\t\t\t<\/div>\n\t\t\t\t<\/div>\n\t\t\t\t\t<\/div>\n\t\t\t\t<\/div>\n\t\t<div class=\"elementor-element elementor-element-9f192da e-con-full e-flex e-con e-parent\" data-id=\"9f192da\" data-element_type=\"container\" id=\"Productos\">\n\t\t<div class=\"elementor-element elementor-element-696275f e-con-full e-flex e-con e-child\" data-id=\"696275f\" data-element_type=\"container\">\n\t\t<div class=\"elementor-element elementor-element-43e00ee e-con-full e-flex e-con e-child\" data-id=\"43e00ee\" data-element_type=\"container\" data-settings=\"{&quot;background_background&quot;:&quot;classic&quot;}\">\n\t\t\t\t<div class=\"elementor-element elementor-element-769d085 elementor-cta--skin-cover elementor-cta--valign-bottom elementor-animated-content elementor-bg-transform elementor-bg-transform-zoom-in elementor-widget elementor-widget-call-to-action\" data-id=\"769d085\" data-element_type=\"widget\" data-widget_type=\"call-to-action.default\">\n\t\t\t\t<div class=\"elementor-widget-container\">\n\t\t\t\t\t\t\t<div class=\"elementor-cta\">\n\t\t\t\t\t<div class=\"elementor-cta__bg-wrapper\">\n\t\t\t\t<div class=\"elementor-cta__bg elementor-bg\" style=\"background-image: url(https:\/\/glintglobal.com\/wp-content\/uploads\/2025\/06\/Rectangle-186-1-1024x865.png);\" role=\"img\" aria-label=\"Rectangle 186 (1)\"><\/div>\n\t\t\t\t<div class=\"elementor-cta__bg-overlay\"><\/div>\n\t\t\t<\/div>\n\t\t\t\t\t\t\t<div class=\"elementor-cta__content\">\n\t\t\t\t\n\t\t\t\t\t\t\t\t\t<h2 class=\"elementor-cta__title elementor-cta__content-item elementor-content-item elementor-animated-item--fade-in\">\n\t\t\t\t\t\tBEAN LIMA\t\t\t\t\t<\/h2>\n\t\t\t\t\n\t\t\t\t\t\t\t\t\t<div class=\"elementor-cta__description elementor-cta__content-item elementor-content-item elementor-animated-item--fade-in\">\n\t\t\t\t\t\tBean Lima is a legume nutrient that provides protein, fiber and a variety of essential vitamins and minerals. Its regular consumption can provide health benefits, such as better digestion, better absorption of nutrients and protection against chronic diseases.\t\t\t\t\t<\/div>\n\t\t\t\t\n\t\t\t\t\t\t\t\t\t<div class=\"elementor-cta__button-wrapper elementor-cta__content-item elementor-content-item elementor-animated-item--fade-in\">\n\t\t\t\t\t<a class=\"elementor-cta__button elementor-button elementor-size-\">\n\t\t\t\t\t\tClick Here\t\t\t\t\t<\/a>\n\t\t\t\t\t<\/div>\n\t\t\t\t\t\t\t<\/div>\n\t\t\t\t\t\t<\/div>\n\t\t\t\t\t\t<\/div>\n\t\t\t\t<\/div>\n\t\t\t\t<\/div>\n\t\t<div class=\"elementor-element elementor-element-16911bf e-con-full e-flex e-con e-child\" data-id=\"16911bf\" data-element_type=\"container\">\n\t\t\t\t<div class=\"elementor-element elementor-element-41cd6c2 elementor-cta--skin-cover elementor-cta--valign-bottom elementor-animated-content elementor-bg-transform elementor-bg-transform-zoom-in elementor-widget elementor-widget-call-to-action\" data-id=\"41cd6c2\" data-element_type=\"widget\" data-widget_type=\"call-to-action.default\">\n\t\t\t\t<div class=\"elementor-widget-container\">\n\t\t\t\t\t\t\t<div class=\"elementor-cta\">\n\t\t\t\t\t<div class=\"elementor-cta__bg-wrapper\">\n\t\t\t\t<div class=\"elementor-cta__bg elementor-bg\" style=\"background-image: url(https:\/\/glintglobal.com\/wp-content\/uploads\/2025\/06\/Rectangle-186-2-1024x865.png);\" role=\"img\" aria-label=\"Rectangle 186 (2)\"><\/div>\n\t\t\t\t<div class=\"elementor-cta__bg-overlay\"><\/div>\n\t\t\t<\/div>\n\t\t\t\t\t\t\t<div class=\"elementor-cta__content\">\n\t\t\t\t\n\t\t\t\t\t\t\t\t\t<h2 class=\"elementor-cta__title elementor-cta__content-item elementor-content-item elementor-animated-item--fade-in\">\n\t\t\t\t\t\tBean Mung Green\t\t\t\t\t<\/h2>\n\t\t\t\t\n\t\t\t\t\t\t\t\t\t<div class=\"elementor-cta__description elementor-cta__content-item elementor-content-item elementor-animated-item--fade-in\">\n\t\t\t\t\t\tSource of vegetable protein: beans mung are a good source of vegetable protein, which makes it a suitable option for people who follow a vegetarian or vegan diet. Proteins are essential for the construction and repair of tissues, as well as for the production of enzymes and hormones.\t\t\t\t\t<\/div>\n\t\t\t\t\n\t\t\t\t\t\t\t\t\t<div class=\"elementor-cta__button-wrapper elementor-cta__content-item elementor-content-item elementor-animated-item--fade-in\">\n\t\t\t\t\t<a class=\"elementor-cta__button elementor-button elementor-size-\">\n\t\t\t\t\t\tClick Here\t\t\t\t\t<\/a>\n\t\t\t\t\t<\/div>\n\t\t\t\t\t\t\t<\/div>\n\t\t\t\t\t\t<\/div>\n\t\t\t\t\t\t<\/div>\n\t\t\t\t<\/div>\n\t\t\t\t<\/div>\n\t\t\t\t<\/div>\n\t\t<div class=\"elementor-element elementor-element-c493ce8 e-con-full e-flex e-con e-child\" data-id=\"c493ce8\" data-element_type=\"container\">\n\t\t<div class=\"elementor-element elementor-element-f307af4 e-con-full e-flex e-con e-child\" data-id=\"f307af4\" data-element_type=\"container\">\n\t\t\t\t<div class=\"elementor-element elementor-element-db51071 elementor-cta--skin-cover elementor-cta--valign-bottom elementor-animated-content elementor-bg-transform elementor-bg-transform-zoom-in elementor-widget elementor-widget-call-to-action\" data-id=\"db51071\" data-element_type=\"widget\" data-widget_type=\"call-to-action.default\">\n\t\t\t\t<div class=\"elementor-widget-container\">\n\t\t\t\t\t\t\t<div class=\"elementor-cta\">\n\t\t\t\t\t<div class=\"elementor-cta__bg-wrapper\">\n\t\t\t\t<div class=\"elementor-cta__bg elementor-bg\" style=\"background-image: url(https:\/\/glintglobal.com\/wp-content\/uploads\/2025\/06\/Rectangle-186-3-1024x865.png);\" role=\"img\" aria-label=\"Rectangle 186 (3)\"><\/div>\n\t\t\t\t<div class=\"elementor-cta__bg-overlay\"><\/div>\n\t\t\t<\/div>\n\t\t\t\t\t\t\t<div class=\"elementor-cta__content\">\n\t\t\t\t\n\t\t\t\t\t\t\t\t\t<h2 class=\"elementor-cta__title elementor-cta__content-item elementor-content-item elementor-animated-item--fade-in\">\n\t\t\t\t\t\tSesame seeds\t\t\t\t\t<\/h2>\n\t\t\t\t\n\t\t\t\t\t\t\t\t\t<div class=\"elementor-cta__description elementor-cta__content-item elementor-content-item elementor-animated-item--fade-in\">\n\t\t\t\t\t\tSesame seeds contain anti-oxidants such as vitamin E and the lignanas, which help to protect cells from the damage caused by free radicals. Antioxidants are important for cellular health and are associated with reducing the risk of chronic diseases and premature aging.\t\t\t\t\t<\/div>\n\t\t\t\t\n\t\t\t\t\t\t\t\t\t<div class=\"elementor-cta__button-wrapper elementor-cta__content-item elementor-content-item elementor-animated-item--fade-in\">\n\t\t\t\t\t<a class=\"elementor-cta__button elementor-button elementor-size-\">\n\t\t\t\t\t\tClick Here\t\t\t\t\t<\/a>\n\t\t\t\t\t<\/div>\n\t\t\t\t\t\t\t<\/div>\n\t\t\t\t\t\t<\/div>\n\t\t\t\t\t\t<\/div>\n\t\t\t\t<\/div>\n\t\t\t\t<\/div>\n\t\t<div class=\"elementor-element elementor-element-adf825e e-con-full e-flex e-con e-child\" data-id=\"adf825e\" data-element_type=\"container\">\n\t\t\t\t<div class=\"elementor-element elementor-element-5afad20 elementor-cta--skin-cover elementor-cta--valign-bottom elementor-animated-content elementor-bg-transform elementor-bg-transform-zoom-in elementor-widget elementor-widget-call-to-action\" data-id=\"5afad20\" data-element_type=\"widget\" data-widget_type=\"call-to-action.default\">\n\t\t\t\t<div class=\"elementor-widget-container\">\n\t\t\t\t\t\t\t<div class=\"elementor-cta\">\n\t\t\t\t\t<div class=\"elementor-cta__bg-wrapper\">\n\t\t\t\t<div class=\"elementor-cta__bg elementor-bg\" style=\"background-image: url(https:\/\/glintglobal.com\/wp-content\/uploads\/2025\/06\/Rectangle-186-4-1024x865.png);\" role=\"img\" aria-label=\"Rectangle 186 (4)\"><\/div>\n\t\t\t\t<div class=\"elementor-cta__bg-overlay\"><\/div>\n\t\t\t<\/div>\n\t\t\t\t\t\t\t<div class=\"elementor-cta__content\">\n\t\t\t\t\n\t\t\t\t\t\t\t\t\t<h2 class=\"elementor-cta__title elementor-cta__content-item elementor-content-item elementor-animated-item--fade-in\">\n\t\t\t\t\t\tChia seeds\t\t\t\t\t<\/h2>\n\t\t\t\t\n\t\t\t\t\t\t\t\t\t<div class=\"elementor-cta__description elementor-cta__content-item elementor-content-item elementor-animated-item--fade-in\">\n\t\t\t\t\t\tChia seeds are small and oval-shaped, color-black, brown, or white, and have been used as food for centuries. They are known for their high concentration of nutrients and its versatility in the kitchen.\t\t\t\t\t<\/div>\n\t\t\t\t\n\t\t\t\t\t\t\t\t\t<div class=\"elementor-cta__button-wrapper elementor-cta__content-item elementor-content-item elementor-animated-item--fade-in\">\n\t\t\t\t\t<a class=\"elementor-cta__button elementor-button elementor-size-\">\n\t\t\t\t\t\tClick Here\t\t\t\t\t<\/a>\n\t\t\t\t\t<\/div>\n\t\t\t\t\t\t\t<\/div>\n\t\t\t\t\t\t<\/div>\n\t\t\t\t\t\t<\/div>\n\t\t\t\t<\/div>\n\t\t\t\t<\/div>\n\t\t\t\t<\/div>\n\t\t\t\t<\/div>\n\t\t<div class=\"elementor-element elementor-element-2bb96cf e-con-full e-flex e-con e-parent\" data-id=\"2bb96cf\" data-element_type=\"container\">\n\t\t\t\t<div class=\"elementor-element elementor-element-1ebd6c7 elementor-cta--skin-cover elementor-cta--valign-middle elementor-animated-content elementor-bg-transform elementor-bg-transform-zoom-in elementor-widget elementor-widget-call-to-action\" data-id=\"1ebd6c7\" data-element_type=\"widget\" data-widget_type=\"call-to-action.default\">\n\t\t\t\t<div class=\"elementor-widget-container\">\n\t\t\t\t\t\t\t<div class=\"elementor-cta\">\n\t\t\t\t\t<div class=\"elementor-cta__bg-wrapper\">\n\t\t\t\t<div class=\"elementor-cta__bg elementor-bg\" style=\"background-image: url(https:\/\/glintglobal.com\/wp-content\/uploads\/2025\/06\/Rectangle-186-5-1024x427.png);\" role=\"img\" aria-label=\"Rectangle 186 (5)\"><\/div>\n\t\t\t\t<div class=\"elementor-cta__bg-overlay\"><\/div>\n\t\t\t<\/div>\n\t\t\t\t\t\t\t<div class=\"elementor-cta__content\">\n\t\t\t\t\n\t\t\t\t\t\t\t\t\t<h2 class=\"elementor-cta__title elementor-cta__content-item elementor-content-item elementor-animated-item--fade-in\">\n\t\t\t\t\t\tBeans Black Eye\t\t\t\t\t<\/h2>\n\t\t\t\t\n\t\t\t\t\t\t\t\t\t<div class=\"elementor-cta__description elementor-cta__content-item elementor-content-item elementor-animated-item--fade-in\">\n\t\t\t\t\t\tBeans, black eye is a legume which is characterized by its large size and a creamy white color.<br>It is often used in various traditional dishes of Latin America and is known for its nutritional value.\t\t\t\t\t<\/div>\n\t\t\t\t\n\t\t\t\t\t\t\t\t\t<div class=\"elementor-cta__button-wrapper elementor-cta__content-item elementor-content-item elementor-animated-item--fade-in\">\n\t\t\t\t\t<a class=\"elementor-cta__button elementor-button elementor-size-\">\n\t\t\t\t\t\tClick Here\t\t\t\t\t<\/a>\n\t\t\t\t\t<\/div>\n\t\t\t\t\t\t\t<\/div>\n\t\t\t\t\t\t<\/div>\n\t\t\t\t\t\t<\/div>\n\t\t\t\t<\/div>\n\t\t\t\t<\/div>\n\t\t<div class=\"elementor-element elementor-element-40d04e7 e-flex e-con-boxed e-con e-parent\" data-id=\"40d04e7\" data-element_type=\"container\">\n\t\t\t\t\t<div class=\"e-con-inner\">\n\t\t<div class=\"elementor-element elementor-element-6544e61 e-con-full e-flex e-con e-child\" data-id=\"6544e61\" data-element_type=\"container\" data-settings=\"{&quot;background_background&quot;:&quot;classic&quot;}\">\n\t\t<div class=\"elementor-element elementor-element-b4f6a66 e-con-full e-flex e-con e-child\" data-id=\"b4f6a66\" data-element_type=\"container\">\n\t\t\t\t<div class=\"elementor-element elementor-element-64e3f54 elementor-widget elementor-widget-heading\" data-id=\"64e3f54\" data-element_type=\"widget\" data-widget_type=\"heading.default\">\n\t\t\t\t<div class=\"elementor-widget-container\">\n\t\t\t\t\t<h2 class=\"elementor-heading-title elementor-size-default\">Are you ready to do business with Three Tigers?<\/h2>\t\t\t\t<\/div>\n\t\t\t\t<\/div>\n\t\t\t\t<div class=\"elementor-element elementor-element-5298b59 elementor-widget elementor-widget-text-editor\" data-id=\"5298b59\" data-element_type=\"widget\" data-widget_type=\"text-editor.default\">\n\t\t\t\t<div class=\"elementor-widget-container\">\n\t\t\t\t\t\t\t\t\t<p>Please contact us and our team will be in touch with you to provide you more information about our products and export processes.<\/p>\t\t\t\t\t\t\t\t<\/div>\n\t\t\t\t<\/div>\n\t\t\t\t<\/div>\n\t\t<div class=\"elementor-element elementor-element-77b9248 e-con-full e-flex e-con e-child\" data-id=\"77b9248\" data-element_type=\"container\">\n\t\t\t\t<div class=\"elementor-element elementor-element-6531628 elementor-mobile-align-center elementor-widget elementor-widget-button\" data-id=\"6531628\" data-element_type=\"widget\" data-widget_type=\"button.default\">\n\t\t\t\t<div class=\"elementor-widget-container\">\n\t\t\t\t\t\t\t\t\t<div class=\"elementor-button-wrapper\">\n\t\t\t\t\t<a class=\"elementor-button elementor-button-link elementor-size-sm\" href=\"https:\/\/glintglobal.com\/en\/contacto-three-tigers\/\">\n\t\t\t\t\t\t<span class=\"elementor-button-content-wrapper\">\n\t\t\t\t\t\t\t\t\t<span class=\"elementor-button-text\">Contact us<\/span>\n\t\t\t\t\t<\/span>\n\t\t\t\t\t<\/a>\n\t\t\t\t<\/div>\n\t\t\t\t\t\t\t\t<\/div>\n\t\t\t\t<\/div>\n\t\t\t\t<\/div>\n\t\t\t\t<\/div>\n\t\t\t\t\t<\/div>\n\t\t\t\t<\/div>\n\t\t\t\t<\/div>","protected":false},"excerpt":{"rendered":"<p>GRANOS Y SEMILLAS DEL PER\u00fa HACIA EL MUNDO Cont\u00e1ctanos Nuestros Servicios Tu navegador no soporta el video. Calidad, trazabilidad y valor en cada env\u00edo Somos una empresa especializada en la exportaci\u00f3n de granos y semillas diversas, comprometida con llevar productos de alta calidad desde el Per\u00fa hacia el mundo. Trabajamos con rigurosos est\u00e1ndares para garantizar [&hellip;]<\/p>","protected":false},"author":1,"featured_media":0,"parent":0,"menu_order":0,"comment_status":"closed","ping_status":"closed","template":"elementor_header_footer","meta":{"footnotes":""},"class_list":["post-377","page","type-page","status-publish","hentry"],"_links":{"self":[{"href":"https:\/\/glintglobal.com\/en\/wp-json\/wp\/v2\/pages\/377","targetHints":{"allow":["GET"]}}],"collection":[{"href":"https:\/\/glintglobal.com\/en\/wp-json\/wp\/v2\/pages"}],"about":[{"href":"https:\/\/glintglobal.com\/en\/wp-json\/wp\/v2\/types\/page"}],"author":[{"embeddable":true,"href":"https:\/\/glintglobal.com\/en\/wp-json\/wp\/v2\/users\/1"}],"replies":[{"embeddable":true,"href":"https:\/\/glintglobal.com\/en\/wp-json\/wp\/v2\/comments?post=377"}],"version-history":[{"count":223,"href":"https:\/\/glintglobal.com\/en\/wp-json\/wp\/v2\/pages\/377\/revisions"}],"predecessor-version":[{"id":1382,"href":"https:\/\/glintglobal.com\/en\/wp-json\/wp\/v2\/pages\/377\/revisions\/1382"}],"wp:attachment":[{"href":"https:\/\/glintglobal.com\/en\/wp-json\/wp\/v2\/media?parent=377"}],"curies":[{"name":"wp","href":"https:\/\/api.w.org\/{rel}","templated":true}]}}